{"id":985,"date":"2018-12-19T08:10:11","date_gmt":"2018-12-19T08:10:11","guid":{"rendered":"http:\/\/democontent.codex-themes.com\/sites\/building-construction\/?page_id=985"},"modified":"2021-02-03T15:12:13","modified_gmt":"2021-02-03T18:12:13","slug":"home","status":"publish","type":"page","link":"https:\/\/www.logmans.com.br\/site\/","title":{"rendered":"Home"},"content":{"rendered":"<p>[vc_row css=&#8221;.vc_custom_1587240721535{margin-top: -135px !important;}&#8221; el_id=&#8221;inicio&#8221;][vc_column css=&#8221;.vc_custom_1550063105290{margin-top: -2px !important;}&#8221;]<div id=\"fullwidth-block-69e9f4ae52936\" class=\"fullwidth-block clearfix\"  style=\"background-color: #03b5ff;\"><script type=\"text\/javascript\">if (typeof(gem_fix_fullwidth_position) == \"function\") { gem_fix_fullwidth_position(document.getElementById(\"fullwidth-block-69e9f4ae52936\")); }<\/script><div class=\"fullwidth-block-inner\">[vc_row_inner equal_height=&#8221;yes&#8221; content_placement=&#8221;middle&#8221; css=&#8221;.vc_custom_1587227028901{margin-right: 0px !important;margin-left: 0px !important;}&#8221; el_class=&#8221;custom-title-margin&#8221;][vc_column_inner width=&#8221;1\/2&#8243; css=&#8221;.vc_custom_1587227061335{padding-right: 120px !important;background-position: center !important;background-repeat: no-repeat !important;background-size: cover !important;}&#8221; offset=&#8221;vc_col-md-7&#8243;]<div class=\"clearboth\"><\/div><div class=\"gem-divider \" style=\"margin-top: 25px;\"><\/div>[vc_column_text]<\/p>\n<div class=\"title-h3\" style=\"text-align: right; max-width: 680px; float: right;\"><span style=\"color: #ffffff;\">CONSULTE NOSSOS SERVI\u00c7OS <\/span><br \/>\n<span class=\"light\" style=\"color: #ffffff; font-size: 18px;\">NOS ENVIE UMA MENSAGEM QUE ENTRAREMOS EM CONTATO<\/span><\/div>\n<p>[\/vc_column_text]<div class=\"clearboth\"><\/div><div class=\"gem-divider \" style=\"margin-top: 60px;\"><\/div>[\/vc_column_inner][vc_column_inner width=&#8221;1\/2&#8243; css=&#8221;.vc_custom_1530775543047{padding-left: 100px !important;}&#8221; offset=&#8221;vc_col-md-5&#8243;]<div class=\"clearboth\"><\/div><div class=\"gem-divider \" style=\"margin-top: 65px;\"><\/div><div class=\"gem-button-container gem-button-position-left\"><a class=\"gem-button gem-button-size-medium gem-button-style-flat gem-button-text-weight-normal\" style=\"border-radius: 3px;background-color: #111944;color: #ffffff;\" onmouseleave=\"this.style.backgroundColor='#111944';this.style.color='#ffffff';\" onmouseenter=\"this.style.backgroundColor='#111944';this.style.color='#ffffff';\" href=\"#fale-conosco\" target=\"_self\">Fale Conosco<\/a><\/div> <div class=\"clearboth\"><\/div><div class=\"gem-divider \" style=\"margin-top: 30px;\"><\/div>[\/vc_column_inner][\/vc_row_inner]<\/div><\/div>[\/vc_column][\/vc_row][vc_row css=&#8221;.vc_custom_1588100467819{margin-bottom: 0px !important;padding-bottom: 0px !important;background-image: url(http:\/\/www.logmans.com.br\/site\/wp-content\/uploads\/2020\/04\/slice-12.jpg?id=1485) !important;background-position: center !important;background-repeat: no-repeat !important;background-size: cover !important;}&#8221; el_id=&#8221;servicos&#8221;][vc_column]<div id=\"fullwidth-block-69e9f4ae53433\" class=\"fullwidth-block clearfix\"  style=\"padding-top: 80px;\"><script type=\"text\/javascript\">if (typeof(gem_fix_fullwidth_position) == \"function\") { gem_fix_fullwidth_position(document.getElementById(\"fullwidth-block-69e9f4ae53433\")); }<\/script><div class=\"fullwidth-block-inner\"><div class=\"container\">[vc_column_text css_animation=&#8221;fadeIn&#8221;]<\/p>\n<p style=\"text-align: center;\">&#8211; &#8211; &#8211; &#8211; &#8211; &#8211; &#8211; Estamos qualificados para &#8211; &#8211; &#8211; &#8211; &#8211; &#8211; &#8211;<\/p>\n<p>[\/vc_column_text][vc_column_text css_animation=&#8221;fadeIn&#8221; css=&#8221;.vc_custom_1587228019990{margin-top: -20px !important;}&#8221;]<\/p>\n<h4 style=\"text-align: center;\">Realizar diversos servi\u00e7os<\/h4>\n<p>[\/vc_column_text]<div class=\"clearboth\"><\/div><div class=\"gem-divider \" style=\"margin-top: -54px;\"><\/div><div class=\"quickfinder quickfinder-style-classic quickfinder-binded row inline-row quickfinder-icon-position-center-float quickfinder-alignment-left quickfinder-title-bold\" data-hover-title-color=\"#111944\"><div id=\"post-1267\" class=\"quickfinder-item inline-column col-md-4 col-sm-6 col-xs-12 quickfinder-item-effect-simple icon-size-medium quickfinder-box-style-solid post-1267 thegem_qf_item type-thegem_qf_item status-publish\"> <div class=\"quickfinder-item-box\" style=\"\"> <div class=\"quickfinder-item-table\">\t<div class=\"quickfinder-item-inner\"> <div class=\"quickfinder-item-image\"> <div class=\"quickfinder-item-image-content\" > <div class=\"quickfinder-item-image-wrapper\"> <div class=\"gem-icon gem-icon-pack-material gem-icon-size-medium gem-icon-shape-circle gem-simple-icon\" style=\"opacity: 1;\"><div class=\"gem-icon-inner\" style=\"\"><span class=\"gem-icon-half-1\" style=\"color: #111944;\"><span class=\"back-angle\">&#xf201;<\/span><\/span><span class=\"gem-icon-half-2\" style=\"color: #111944;\"><span class=\"back-angle\">&#xf201;<\/span><\/span><\/div><\/div> <\/div> <\/div> <\/div> <div class=\"quickfinder-item-info-wrapper\"> <div class=\"quickfinder-item-info \" > <div class=\"quickfinder-item-title\" style=\"color: #111944;\">Limpeza e Conserva\u00e7\u00e3o<\/div> <\/div> <\/div> <\/div> <\/div>\t<\/div> <a href=\"\/servicos-de-limpeza-e-conservacao\/\" target=\"_self\" class=\"quickfinder-item-link\"><\/a> <\/div> <div id=\"post-1269\" class=\"quickfinder-item inline-column col-md-4 col-sm-6 col-xs-12 quickfinder-item-effect-simple icon-size-medium quickfinder-box-style-solid post-1269 thegem_qf_item type-thegem_qf_item status-publish\"> <div class=\"quickfinder-item-box\" style=\"\"> <div class=\"quickfinder-item-table\">\t<div class=\"quickfinder-item-inner\"> <div class=\"quickfinder-item-image\"> <div class=\"quickfinder-item-image-content\" > <div class=\"quickfinder-item-image-wrapper\"> <div class=\"gem-icon gem-icon-pack-fontawesome gem-icon-size-medium gem-icon-shape-circle gem-simple-icon\" style=\"opacity: 1;\"><div class=\"gem-icon-inner\" style=\"\"><span class=\"gem-icon-half-1\" style=\"color: #111944;\"><span class=\"back-angle\">&#xf111;<\/span><\/span><span class=\"gem-icon-half-2\" style=\"color: #111944;\"><span class=\"back-angle\">&#xf111;<\/span><\/span><\/div><\/div> <\/div> <\/div> <\/div> <div class=\"quickfinder-item-info-wrapper\"> <div class=\"quickfinder-item-info \" > <div class=\"quickfinder-item-title\" style=\"color: #111944;\">Servi\u00e7os de Recep\u00e7\u00e3o e Portaria<\/div> <\/div> <\/div> <\/div> <\/div>\t<\/div> <a href=\"\/servicos-de-recepcao-e-portaria\" target=\"_self\" class=\"quickfinder-item-link\"><\/a> <\/div> <div id=\"post-1270\" class=\"quickfinder-item inline-column col-md-4 col-sm-6 col-xs-12 quickfinder-item-effect-simple icon-size-medium quickfinder-box-style-solid post-1270 thegem_qf_item type-thegem_qf_item status-publish\"> <div class=\"quickfinder-item-box\" style=\"\"> <div class=\"quickfinder-item-table\">\t<div class=\"quickfinder-item-inner\"> <div class=\"quickfinder-item-image\"> <div class=\"quickfinder-item-image-content\" > <div class=\"quickfinder-item-image-wrapper\"> <div class=\"gem-icon gem-icon-pack-fontawesome gem-icon-size-medium gem-icon-shape-circle gem-simple-icon\" style=\"opacity: 1;\"><div class=\"gem-icon-inner\" style=\"\"><span class=\"gem-icon-half-1\" style=\"color: #111944;\"><span class=\"back-angle\">&#xf111;<\/span><\/span><span class=\"gem-icon-half-2\" style=\"color: #111944;\"><span class=\"back-angle\">&#xf111;<\/span><\/span><\/div><\/div> <\/div> <\/div> <\/div> <div class=\"quickfinder-item-info-wrapper\"> <div class=\"quickfinder-item-info \" > <div class=\"quickfinder-item-title\" style=\"color: #111944;\">Sanitiza\u00e7\u00e3o de Ambientes Hospitalares<\/div> <\/div> <\/div> <\/div> <\/div>\t<\/div> <a href=\"\/sanitizacao-higienizacao-e-desinfeccao-de-ambientes\" target=\"_self\" class=\"quickfinder-item-link\"><\/a> <\/div> <div id=\"post-1271\" class=\"quickfinder-item inline-column col-md-4 col-sm-6 col-xs-12 quickfinder-item-effect-simple icon-size-medium quickfinder-box-style-solid post-1271 thegem_qf_item type-thegem_qf_item status-publish\"> <div class=\"quickfinder-item-box\" style=\"\"> <div class=\"quickfinder-item-table\">\t<div class=\"quickfinder-item-inner\"> <div class=\"quickfinder-item-image\"> <div class=\"quickfinder-item-image-content\" > <div class=\"quickfinder-item-image-wrapper\"> <div class=\"gem-icon gem-icon-pack-fontawesome gem-icon-size-medium gem-icon-shape-circle gem-simple-icon\" style=\"opacity: 1;\"><div class=\"gem-icon-inner\" style=\"\"><span class=\"gem-icon-half-1\" style=\"color: #111944;\"><span class=\"back-angle\">&#xf111;<\/span><\/span><span class=\"gem-icon-half-2\" style=\"color: #111944;\"><span class=\"back-angle\">&#xf111;<\/span><\/span><\/div><\/div> <\/div> <\/div> <\/div> <div class=\"quickfinder-item-info-wrapper\"> <div class=\"quickfinder-item-info \" > <div class=\"quickfinder-item-title\" style=\"color: #111944;\">Desinfec\u00e7\u00e3o de im\u00f3veis<\/div> <div class=\"quickfinder-item-text\" style=\"color: #111944;\">Comerciais, P\u00fablicos, Industriais, Residenciais e N\u00e3o Residenciais.<\/div> <\/div> <\/div> <\/div> <\/div>\t<\/div> <\/div> <div id=\"post-1619\" class=\"quickfinder-item inline-column col-md-4 col-sm-6 col-xs-12 quickfinder-item-effect-simple icon-size-medium quickfinder-box-style-solid post-1619 thegem_qf_item type-thegem_qf_item status-publish\"> <div class=\"quickfinder-item-box\" style=\"\"> <div class=\"quickfinder-item-table\">\t<div class=\"quickfinder-item-inner\"> <div class=\"quickfinder-item-image\"> <div class=\"quickfinder-item-image-content\" > <div class=\"quickfinder-item-image-wrapper\"> <div class=\"gem-icon gem-icon-pack-fontawesome gem-icon-size-medium gem-icon-shape-circle gem-simple-icon\" style=\"opacity: 1;\"><div class=\"gem-icon-inner\" style=\"\"><span class=\"gem-icon-half-1\" style=\"color: #111944;\"><span class=\"back-angle\">&#xf111;<\/span><\/span><span class=\"gem-icon-half-2\" style=\"color: #111944;\"><span class=\"back-angle\">&#xf111;<\/span><\/span><\/div><\/div> <\/div> <\/div> <\/div> <div class=\"quickfinder-item-info-wrapper\"> <div class=\"quickfinder-item-info \" > <div class=\"quickfinder-item-title\" style=\"color: #111944;\">OPERACIONALIZA\u00c7\u00c3O PENITENCI\u00c1RIA<\/div> <div class=\"quickfinder-item-text\" style=\"color: #111944;\">A Logmans faz muito bem!<\/div> <\/div> <\/div> <\/div> <\/div>\t<\/div> <a href=\"\/operacionalizacao-penitenciaria\/\" target=\"_self\" class=\"quickfinder-item-link\"><\/a> <\/div> <div id=\"post-1668\" class=\"quickfinder-item inline-column col-md-4 col-sm-6 col-xs-12 quickfinder-item-effect-simple icon-size-medium quickfinder-box-style-solid post-1668 thegem_qf_item type-thegem_qf_item status-publish\"> <div class=\"quickfinder-item-box\" style=\"\"> <div class=\"quickfinder-item-table\">\t<div class=\"quickfinder-item-inner\"> <div class=\"quickfinder-item-image\"> <div class=\"quickfinder-item-image-content\" > <div class=\"quickfinder-item-image-wrapper\"> <div class=\"gem-icon gem-icon-pack-material gem-icon-size-medium gem-icon-shape-circle gem-simple-icon\" style=\"opacity: 1;\"><div class=\"gem-icon-inner\" style=\"\"><span class=\"gem-icon-half-1\" style=\"color: #111944;\"><span class=\"back-angle\">&#xf201;<\/span><\/span><span class=\"gem-icon-half-2\" style=\"color: #111944;\"><span class=\"back-angle\">&#xf201;<\/span><\/span><\/div><\/div> <\/div> <\/div> <\/div> <div class=\"quickfinder-item-info-wrapper\"> <div class=\"quickfinder-item-info \" > <div class=\"quickfinder-item-title\" style=\"color: #111944;\">Sanitiza\u00e7\u00e3o por UVC<\/div> <\/div> <\/div> <\/div> <\/div>\t<\/div> <a href=\"\/sanitizacao-por-uvc\/\" target=\"_self\" class=\"quickfinder-item-link\"><\/a> <\/div> <\/div>[vc_empty_space height=&#8221;50px&#8221;][vc_separator]<\/div><\/div><\/div>[\/vc_column][\/vc_row][vc_row full_width=&#8221;stretch_row_content&#8221; css=&#8221;.vc_custom_1587231818274{margin-top: 0px !important;padding-top: 50px !important;padding-bottom: 50px !important;background-image: url(http:\/\/www.logmans.com.br\/site\/wp-content\/uploads\/2020\/04\/bg_limpeza.png?id=1281) !important;background-position: center !important;background-repeat: no-repeat !important;background-size: cover !important;}&#8221;][vc_column css=&#8221;.vc_custom_1550063105290{margin-top: -2px !important;}&#8221;]<div id=\"fullwidth-block-69e9f4ae57c67\" class=\"fullwidth-block clearfix\"  style=\"\"><script type=\"text\/javascript\">if (typeof(gem_fix_fullwidth_position) == \"function\") { gem_fix_fullwidth_position(document.getElementById(\"fullwidth-block-69e9f4ae57c67\")); }<\/script><div class=\"fullwidth-block-inner\"><div class=\"container\">[vc_row_inner][vc_column_inner][vc_column_text]<\/p>\n<h2 style=\"text-align: center;\"><span style=\"color: #ffffff;\">Logmans em N\u00fameros<\/span><\/h2>\n<p>[\/vc_column_text][\/vc_column_inner][\/vc_row_inner][vc_row_inner][vc_column_inner width=&#8221;1\/4&#8243;][vc_column_text]<\/p>\n<h1 style=\"font-size: 80px;\"><span style=\"color: #ffffff;\">0520<\/span><\/h1>\n<p>[\/vc_column_text][\/vc_column_inner][vc_column_inner width=&#8221;1\/4&#8243;][vc_column_text]<\/p>\n<h4><span style=\"color: #ffffff;\">Projetos Realizados<\/span><\/h4>\n<p>[\/vc_column_text][\/vc_column_inner][vc_column_inner width=&#8221;1\/4&#8243;][vc_column_text]<\/p>\n<h1 style=\"font-size: 80px;\"><span style=\"color: #ffffff;\">0010<\/span><\/h1>\n<p>[\/vc_column_text][\/vc_column_inner][vc_column_inner width=&#8221;1\/4&#8243;][vc_column_text]<\/p>\n<h4><span style=\"color: #ffffff;\">Anos de<\/span><br \/>\n<span style=\"color: #ffffff;\">Hist\u00f3ria<\/span><\/h4>\n<p>[\/vc_column_text][\/vc_column_inner][\/vc_row_inner][vc_empty_space height=&#8221;20px&#8221;]<\/div><\/div><\/div>[\/vc_column][\/vc_row][vc_row full_width=&#8221;stretch_row_content&#8221; css=&#8221;.vc_custom_1588010308305{background-position: center !important;background-repeat: no-repeat !important;background-size: cover !important;}&#8221;][vc_column css=&#8221;.vc_custom_1550063105290{margin-top: -2px !important;}&#8221;]<div id=\"fullwidth-block-69e9f4ae57e26\" class=\"fullwidth-block clearfix\"  style=\"\"><script type=\"text\/javascript\">if (typeof(gem_fix_fullwidth_position) == \"function\") { gem_fix_fullwidth_position(document.getElementById(\"fullwidth-block-69e9f4ae57e26\")); }<\/script><div class=\"fullwidth-block-inner\"><div class=\"container\">[vc_empty_space height=&#8221;30px&#8221;]<\/div><\/div><\/div>[\/vc_column][\/vc_row]<\/p>\n","protected":false},"excerpt":{"rendered":"<p>[vc_row css=&#8221;.vc_custom_1587240721535{margin-top: -135px !important;}&#8221; el_id=&#8221;inicio&#8221;][vc_column css=&#8221;.vc_custom_1550063105290{margin-top: -2px !important;}&#8221;][\/vc_column][\/vc_row][vc_row css=&#8221;.vc_custom_1588100467819{margin-bottom: 0px !important;padding-bottom: 0px !important;background-image: url(http:\/\/www.logmans.com.br\/site\/wp-content\/uploads\/2020\/04\/slice-12.jpg?id=1485) !important;background-position: center !important;background-repeat: no-repeat !important;background-size: cover&#8230;<\/p>\n","protected":false},"author":1,"featured_media":0,"parent":0,"menu_order":0,"comment_status":"closed","ping_status":"closed","template":"","meta":[],"yoast_head":"<!-- This site is optimized with the Yoast SEO plugin v15.6.2 - https:\/\/yoast.com\/wordpress\/plugins\/seo\/ -->\n<title>Home - Logmans<\/title>\n<meta name=\"robots\" content=\"index, follow, max-snippet:-1, max-image-preview:large, max-video-preview:-1\" \/>\n<link rel=\"canonical\" href=\"https:\/\/www.logmans.com.br\/site\/\" \/>\n<meta property=\"og:locale\" content=\"pt_BR\" \/>\n<meta property=\"og:type\" content=\"article\" \/>\n<meta property=\"og:title\" content=\"Home - Logmans\" \/>\n<meta property=\"og:description\" content=\"[vc_row css=&#8221;.vc_custom_1587240721535{margin-top: -135px !important;}&#8221; el_id=&#8221;inicio&#8221;][vc_column css=&#8221;.vc_custom_1550063105290{margin-top: -2px !important;}&#8221;][\/vc_column][\/vc_row][vc_row css=&#8221;.vc_custom_1588100467819{margin-bottom: 0px !important;padding-bottom: 0px !important;background-image: url(http:\/\/www.logmans.com.br\/site\/wp-content\/uploads\/2020\/04\/slice-12.jpg?id=1485) !important;background-position: center !important;background-repeat: no-repeat !important;background-size: cover...\" \/>\n<meta property=\"og:url\" content=\"https:\/\/www.logmans.com.br\/site\/\" \/>\n<meta property=\"og:site_name\" content=\"Logmans\" \/>\n<meta property=\"article:modified_time\" content=\"2021-02-03T18:12:13+00:00\" \/>\n<meta name=\"twitter:card\" content=\"summary_large_image\" \/>\n<meta name=\"twitter:label1\" content=\"Est. reading time\">\n\t<meta name=\"twitter:data1\" content=\"1 minuto\">\n<script type=\"application\/ld+json\" class=\"yoast-schema-graph\">{\"@context\":\"https:\/\/schema.org\",\"@graph\":[{\"@type\":\"WebSite\",\"@id\":\"https:\/\/www.logmans.com.br\/site\/#website\",\"url\":\"https:\/\/www.logmans.com.br\/site\/\",\"name\":\"Logmans\",\"description\":\"\",\"potentialAction\":[{\"@type\":\"SearchAction\",\"target\":\"https:\/\/www.logmans.com.br\/site\/?s={search_term_string}\",\"query-input\":\"required name=search_term_string\"}],\"inLanguage\":\"pt-BR\"},{\"@type\":\"WebPage\",\"@id\":\"https:\/\/www.logmans.com.br\/site\/#webpage\",\"url\":\"https:\/\/www.logmans.com.br\/site\/\",\"name\":\"Home - Logmans\",\"isPartOf\":{\"@id\":\"https:\/\/www.logmans.com.br\/site\/#website\"},\"datePublished\":\"2018-12-19T08:10:11+00:00\",\"dateModified\":\"2021-02-03T18:12:13+00:00\",\"inLanguage\":\"pt-BR\",\"potentialAction\":[{\"@type\":\"ReadAction\",\"target\":[\"https:\/\/www.logmans.com.br\/site\/\"]}]}]}<\/script>\n<!-- \/ Yoast SEO plugin. -->","_links":{"self":[{"href":"https:\/\/www.logmans.com.br\/site\/wp-json\/wp\/v2\/pages\/985"}],"collection":[{"href":"https:\/\/www.logmans.com.br\/site\/wp-json\/wp\/v2\/pages"}],"about":[{"href":"https:\/\/www.logmans.com.br\/site\/wp-json\/wp\/v2\/types\/page"}],"author":[{"embeddable":true,"href":"https:\/\/www.logmans.com.br\/site\/wp-json\/wp\/v2\/users\/1"}],"replies":[{"embeddable":true,"href":"https:\/\/www.logmans.com.br\/site\/wp-json\/wp\/v2\/comments?post=985"}],"version-history":[{"count":143,"href":"https:\/\/www.logmans.com.br\/site\/wp-json\/wp\/v2\/pages\/985\/revisions"}],"predecessor-version":[{"id":1671,"href":"https:\/\/www.logmans.com.br\/site\/wp-json\/wp\/v2\/pages\/985\/revisions\/1671"}],"wp:attachment":[{"href":"https:\/\/www.logmans.com.br\/site\/wp-json\/wp\/v2\/media?parent=985"}],"curies":[{"name":"wp","href":"https:\/\/api.w.org\/{rel}","templated":true}]}}