{"id":1662,"date":"2021-01-18T10:49:29","date_gmt":"2021-01-18T13:49:29","guid":{"rendered":"https:\/\/www.logmans.com.br\/site\/?page_id=1662"},"modified":"2021-01-18T10:51:09","modified_gmt":"2021-01-18T13:51:09","slug":"sanitizacao-por-uvc","status":"publish","type":"page","link":"https:\/\/www.logmans.com.br\/site\/sanitizacao-por-uvc\/","title":{"rendered":"Sanitiza\u00e7\u00e3o por UVC"},"content":{"rendered":"<p>[vc_row full_width=&#8221;stretch_row_content&#8221; equal_height=&#8221;yes&#8221; css=&#8221;.vc_custom_1588113592844{margin-top: -100px !important;margin-bottom: 0px !important;padding-bottom: 0px !important;background-image: url(http:\/\/www.logmans.com.br\/site\/wp-content\/uploads\/2020\/04\/slice-12.jpg?id=1485) !important;background-position: 0 0 !important;background-repeat: repeat !important;}&#8221; el_class=&#8221;new-qf-bottom-margin&#8221;][vc_column]<div id=\"fullwidth-block-69ea1ef2bc679\" class=\"fullwidth-block clearfix\"  style=\"padding-top: 80px;\"><script type=\"text\/javascript\">if (typeof(gem_fix_fullwidth_position) == \"function\") { gem_fix_fullwidth_position(document.getElementById(\"fullwidth-block-69ea1ef2bc679\")); }<\/script><div class=\"fullwidth-block-inner\"><div class=\"container\">[vc_row_inner equal_height=&#8221;yes&#8221; css=&#8221;.vc_custom_1587249169894{padding-right: 100px !important;padding-left: 100px !important;}&#8221; el_id=&#8221;sobre-nos&#8221;][vc_column_inner][vc_column_text]<\/p>\n<h5 style=\"text-align: left;\">LOGMANS UVC &#8211; Esterelizante<\/h5>\n<p>[\/vc_column_text][vc_column_text]<\/p>\n<p class=\"p1\">\u00c9 uma solu\u00e7\u00e3o que funciona como um sanitizante . A tecnologia de radia\u00e7\u00e3o ultravioleta (UV-C) \u00e9 muito mais eficiente do que os produtos l\u00edquidos para esteriliza\u00e7\u00e3o de ambientes e superf\u00edcies, uma torre de 300 Watts \u00e9 capaz de eliminar at\u00e9 99,9 % das patologias em uma \u00e1rea de 84 m\u00b2, em um per\u00edodo de tempo de 10 a 20 minutos, capaz de eliminar.<\/p>\n<h3 style=\"text-align: center;\"><strong>\u2022 V\u00cdRUS \u2022 BACT\u00c9RIAS \u2022 MOFOS <span class=\"s1\">\u2022 <\/span>FUNGOS \u2022<\/strong><\/h3>\n<p>[\/vc_column_text][vc_empty_space][vc_column_text]<\/p>\n<h5 style=\"text-align: left;\">RADIA\u00c7\u00c3O UV<\/h5>\n<p>[\/vc_column_text][vc_column_text]<\/p>\n<p class=\"p1\">\u00c9 a radia\u00e7\u00e3o eletromagn\u00e9tica com um comprimento de onda menor que a da luz vis\u00edvel e maior que a dos raios X. A tecnologia UV j\u00e1 tem sido usada h\u00e1 bastante tempo para tratamento de \u00e1gua e purifica\u00e7\u00e3o de ar.<\/p>\n<p class=\"p1\">.<\/p>\n<p>&nbsp;<\/p>\n<p>[\/vc_column_text][\/vc_column_inner][\/vc_row_inner]<\/div><\/div><\/div>[\/vc_column][\/vc_row][vc_row][vc_column][vc_column_text]<span style=\"color: #ffffff;\">A receptividade \u00e9 um dos muitos servi\u00e7os que a Logmans oferece. O objetivo b\u00e1sico do servi\u00e7o de recep\u00e7\u00e3o e portaria \u00e9 receber as pessoas e faz\u00ea-los sentir-se bem-vindos e filtrar o acesso n\u00e3o autorizado nas depend\u00eancias do cliente.<\/span><br \/>\n<span style=\"color: #ffffff;\">Essa nossa funcionalidade, geralmente, como um local de informa\u00e7\u00f5es para os visitantes e colaboradores do cliente, e pode exercer tamb\u00e9m a fun\u00e7\u00e3o de ajudar em servi\u00e7os, incluindo:<\/span><br \/>\n<span style=\"color: #ffffff;\">Fazendo uma grande diferen\u00e7a aos clientes, uma recep\u00e7\u00e3o pr\u00f3-ativa!<\/span>[\/vc_column_text][\/vc_column][\/vc_row]<\/p>\n","protected":false},"excerpt":{"rendered":"<p>[vc_row full_width=&#8221;stretch_row_content&#8221; equal_height=&#8221;yes&#8221; css=&#8221;.vc_custom_1588113592844{margin-top: -100px !important;margin-bottom: 0px !important;padding-bottom: 0px !important;background-image: url(http:\/\/www.logmans.com.br\/site\/wp-content\/uploads\/2020\/04\/slice-12.jpg?id=1485) !important;background-position: 0 0 !important;background-repeat: repeat !important;}&#8221; el_class=&#8221;new-qf-bottom-margin&#8221;][vc_column][\/vc_column][\/vc_row][vc_row][vc_column][vc_column_text]A receptividade \u00e9&#8230;<\/p>\n","protected":false},"author":1,"featured_media":0,"parent":0,"menu_order":0,"comment_status":"closed","ping_status":"closed","template":"","meta":[],"yoast_head":"<!-- This site is optimized with the Yoast SEO plugin v15.6.2 - https:\/\/yoast.com\/wordpress\/plugins\/seo\/ -->\n<title>Sanitiza\u00e7\u00e3o por UVC - LOGMANS UVC - Esterelizante<\/title>\n<meta name=\"description\" content=\"Uma solu\u00e7\u00e3o que funciona como um sanitizante. A tecnologia de radia\u00e7\u00e3o ultravioleta (UV-C) \u00e9 muito mais eficiente do que os produtos l\u00edquidos para esteriliza\u00e7\u00e3o de ambientes e superf\u00edcies.\" \/>\n<meta name=\"robots\" content=\"index, follow, max-snippet:-1, max-image-preview:large, max-video-preview:-1\" \/>\n<link rel=\"canonical\" href=\"https:\/\/www.logmans.com.br\/site\/sanitizacao-por-uvc\/\" \/>\n<meta property=\"og:locale\" content=\"pt_BR\" \/>\n<meta property=\"og:type\" content=\"article\" \/>\n<meta property=\"og:title\" content=\"Sanitiza\u00e7\u00e3o por UVC - LOGMANS UVC - Esterelizante\" \/>\n<meta property=\"og:description\" content=\"Uma solu\u00e7\u00e3o que funciona como um sanitizante. A tecnologia de radia\u00e7\u00e3o ultravioleta (UV-C) \u00e9 muito mais eficiente do que os produtos l\u00edquidos para esteriliza\u00e7\u00e3o de ambientes e superf\u00edcies.\" \/>\n<meta property=\"og:url\" content=\"https:\/\/www.logmans.com.br\/site\/sanitizacao-por-uvc\/\" \/>\n<meta property=\"og:site_name\" content=\"Logmans\" \/>\n<meta property=\"article:modified_time\" content=\"2021-01-18T13:51:09+00:00\" \/>\n<meta name=\"twitter:card\" content=\"summary_large_image\" \/>\n<meta name=\"twitter:label1\" content=\"Est. reading time\">\n\t<meta name=\"twitter:data1\" content=\"2 minutos\">\n<script type=\"application\/ld+json\" class=\"yoast-schema-graph\">{\"@context\":\"https:\/\/schema.org\",\"@graph\":[{\"@type\":\"WebSite\",\"@id\":\"https:\/\/www.logmans.com.br\/site\/#website\",\"url\":\"https:\/\/www.logmans.com.br\/site\/\",\"name\":\"Logmans\",\"description\":\"\",\"potentialAction\":[{\"@type\":\"SearchAction\",\"target\":\"https:\/\/www.logmans.com.br\/site\/?s={search_term_string}\",\"query-input\":\"required name=search_term_string\"}],\"inLanguage\":\"pt-BR\"},{\"@type\":\"WebPage\",\"@id\":\"https:\/\/www.logmans.com.br\/site\/sanitizacao-por-uvc\/#webpage\",\"url\":\"https:\/\/www.logmans.com.br\/site\/sanitizacao-por-uvc\/\",\"name\":\"Sanitiza\\u00e7\\u00e3o por UVC - LOGMANS UVC - Esterelizante\",\"isPartOf\":{\"@id\":\"https:\/\/www.logmans.com.br\/site\/#website\"},\"datePublished\":\"2021-01-18T13:49:29+00:00\",\"dateModified\":\"2021-01-18T13:51:09+00:00\",\"description\":\"Uma solu\\u00e7\\u00e3o que funciona como um sanitizante. A tecnologia de radia\\u00e7\\u00e3o ultravioleta (UV-C) \\u00e9 muito mais eficiente do que os produtos l\\u00edquidos para esteriliza\\u00e7\\u00e3o de ambientes e superf\\u00edcies.\",\"inLanguage\":\"pt-BR\",\"potentialAction\":[{\"@type\":\"ReadAction\",\"target\":[\"https:\/\/www.logmans.com.br\/site\/sanitizacao-por-uvc\/\"]}]}]}<\/script>\n<!-- \/ Yoast SEO plugin. -->","_links":{"self":[{"href":"https:\/\/www.logmans.com.br\/site\/wp-json\/wp\/v2\/pages\/1662"}],"collection":[{"href":"https:\/\/www.logmans.com.br\/site\/wp-json\/wp\/v2\/pages"}],"about":[{"href":"https:\/\/www.logmans.com.br\/site\/wp-json\/wp\/v2\/types\/page"}],"author":[{"embeddable":true,"href":"https:\/\/www.logmans.com.br\/site\/wp-json\/wp\/v2\/users\/1"}],"replies":[{"embeddable":true,"href":"https:\/\/www.logmans.com.br\/site\/wp-json\/wp\/v2\/comments?post=1662"}],"version-history":[{"count":4,"href":"https:\/\/www.logmans.com.br\/site\/wp-json\/wp\/v2\/pages\/1662\/revisions"}],"predecessor-version":[{"id":1666,"href":"https:\/\/www.logmans.com.br\/site\/wp-json\/wp\/v2\/pages\/1662\/revisions\/1666"}],"wp:attachment":[{"href":"https:\/\/www.logmans.com.br\/site\/wp-json\/wp\/v2\/media?parent=1662"}],"curies":[{"name":"wp","href":"https:\/\/api.w.org\/{rel}","templated":true}]}}