{"id":1625,"date":"2020-10-21T14:32:21","date_gmt":"2020-10-21T17:32:21","guid":{"rendered":"https:\/\/www.logmans.com.br\/site\/?page_id=1625"},"modified":"2020-11-17T15:59:38","modified_gmt":"2020-11-17T18:59:38","slug":"operacionalizacao-penitenciaria","status":"publish","type":"page","link":"https:\/\/www.logmans.com.br\/site\/operacionalizacao-penitenciaria\/","title":{"rendered":"Operacionaliza\u00e7\u00e3o Penitenci\u00e1ria"},"content":{"rendered":"<p>[vc_row full_width=&#8221;stretch_row_content&#8221; equal_height=&#8221;yes&#8221; css=&#8221;.vc_custom_1603302536311{margin-top: -100px !important;margin-bottom: 0px !important;padding-bottom: 0px !important;background-image: url(http:\/\/www.logmans.com.br\/site\/wp-content\/uploads\/2020\/04\/slice-12.jpg?id=1485) !important;background-position: 0 0 !important;background-repeat: repeat !important;}&#8221; el_class=&#8221;new-qf-bottom-margin&#8221;][vc_column]<div id=\"fullwidth-block-69ea0ac82373d\" class=\"fullwidth-block clearfix\"  style=\"padding-top: 80px;\"><script type=\"text\/javascript\">if (typeof(gem_fix_fullwidth_position) == \"function\") { gem_fix_fullwidth_position(document.getElementById(\"fullwidth-block-69ea0ac82373d\")); }<\/script><div class=\"fullwidth-block-inner\"><div class=\"container\">[vc_row_inner equal_height=&#8221;yes&#8221; css=&#8221;.vc_custom_1587249169894{padding-right: 100px !important;padding-left: 100px !important;}&#8221; el_id=&#8221;sobre-nos&#8221;][vc_column_inner width=&#8221;1\/6&#8243;][\/vc_column_inner][vc_column_inner width=&#8221;2\/3&#8243; css=&#8221;.vc_custom_1603302615853{margin-top: -70px !important;}&#8221;][vc_column_text]<\/p>\n<p style=\"text-align: justify;\">Hoje o mundo se move a toda velocidade e as rela\u00e7\u00f5es humanas s\u00e3o mais ef\u00eameras, sendo uma segunda chance algo pouco palp\u00e1vel pelo ser humano que dela necessita. Por isso a Operacionaliza\u00e7\u00e3o Penitenci\u00e1ria se faz necess\u00e1ria. Trata-se de reconhecer quando e onde a oportunidade deve ser dada e quais os m\u00e9ritos envolvidos, para a aplica\u00e7\u00e3o de processos de reeduca\u00e7\u00e3o e reconstru\u00e7\u00e3o de valores pessoais.<\/p>\n<p style=\"text-align: justify;\">Devemos avan\u00e7ar nas corre\u00e7\u00f5es por meio de resultados inovadores que beneficiam e protejam os direitos humanos envolvidos.<\/p>\n<p style=\"text-align: justify;\">Estamos empenhados em fornecer solu\u00e7\u00f5es comprovadas de reentrada para capacitar homens e mulheres a quebrar o ciclo do crime.<\/p>\n<p>[\/vc_column_text][vc_single_image image=&#8221;1643&#8243; img_size=&#8221;full&#8221;][vc_column_text css=&#8221;.vc_custom_1603724852483{margin-top: 30px !important;}&#8221;]<\/p>\n<p style=\"text-align: justify;\">Uma popula\u00e7\u00e3o reclusa em pris\u00f5es um dia ser\u00e1 libertada e se reunir\u00e1 \u00e0 sociedade novamente como vizinhos e conhecidos de todos.<\/p>\n<p style=\"text-align: justify;\">Com a Operacionaliza\u00e7\u00e3o Penitenci\u00e1ria, preparamos eles para um retorno como membros produtivos e contribuinte da sociedade, constituindo um princ\u00edpio de reentrada, com apoio e recursos de que precisam para se tornarem mais equipados para a vida positiva e conduta aperfei\u00e7oada e conten\u00e7\u00e3o do ciclo de reincid\u00eancia.<\/p>\n<p style=\"text-align: justify;\">Desta forma, a <a href=\"https:\/\/www.logmans.com.br\/site\/a-logmans\/\">Logmans<\/a> se esfor\u00e7a para fazer essa diferen\u00e7a na vida dos infratores sob nosso cuidado, sendo um integrador e facilitador junto ao Estado, com abordagem abrangente e programas que enfatizam:<\/p>\n<p><strong>\u2022 Educa\u00e7\u00e3o acad\u00eamica,<\/strong><br \/>\n<strong>\u2022 Treinamento vocacional,<\/strong><br \/>\n<strong>\u2022 Desenvolvimento de habilidades para a vida,<\/strong><br \/>\n<strong>\u2022 Tratamento de v\u00edcios\u00a0e,<\/strong><br \/>\n<strong>\u2022 Para quem assim o desejar,\u00a0\u00a0f\u00e9 e religi\u00e3o.<\/strong>[\/vc_column_text][vc_empty_space height=&#8221;10px&#8221;][\/vc_column_inner][vc_column_inner width=&#8221;1\/6&#8243;][\/vc_column_inner][\/vc_row_inner]<\/div><\/div><\/div>[\/vc_column][\/vc_row][vc_row][vc_column][vc_column_text]<span style=\"color: #ffffff;\">Com a Operacionaliza\u00e7\u00e3o Penitenci\u00e1ria, preparamos eles para um retorno como membros produtivos e contribuinte da sociedade, constituindo um princ\u00edpio de reentrada, com apoio e recursos de que precisam para se tornarem mais equipados para a vida positiva e conduta aperfei\u00e7oada e conten\u00e7\u00e3o do ciclo de reincid\u00eancia.<\/span><br \/>\n<span style=\"color: #ffffff;\">Desta forma, a\u00a0Logmans\u00a0se esfor\u00e7a para fazer essa diferen\u00e7a na vida dos infratores sob nosso cuidado, sendo um integrador e facilitador junto ao Estado, com abordagem abrangente e programas que enfatizam:<\/span>[\/vc_column_text][\/vc_column][\/vc_row]<\/p>\n","protected":false},"excerpt":{"rendered":"<p>[vc_row full_width=&#8221;stretch_row_content&#8221; equal_height=&#8221;yes&#8221; css=&#8221;.vc_custom_1603302536311{margin-top: -100px !important;margin-bottom: 0px !important;padding-bottom: 0px !important;background-image: url(http:\/\/www.logmans.com.br\/site\/wp-content\/uploads\/2020\/04\/slice-12.jpg?id=1485) !important;background-position: 0 0 !important;background-repeat: repeat !important;}&#8221; el_class=&#8221;new-qf-bottom-margin&#8221;][vc_column][\/vc_column][\/vc_row][vc_row][vc_column][vc_column_text]Com a Operacionaliza\u00e7\u00e3o&#8230;<\/p>\n","protected":false},"author":1,"featured_media":0,"parent":0,"menu_order":0,"comment_status":"closed","ping_status":"closed","template":"","meta":[],"yoast_head":"<!-- This site is optimized with the Yoast SEO plugin v15.6.2 - https:\/\/yoast.com\/wordpress\/plugins\/seo\/ -->\n<title>Operacionaliza\u00e7\u00e3o Penitenci\u00e1ria | Para uma Sociedade Melhor<\/title>\n<meta name=\"description\" content=\"Com a Operacionaliza\u00e7\u00e3o Penitenci\u00e1ria buscamos dar uma segunda chance para pessoas que tem plena capacidade de contribuir com a sociedade.\" \/>\n<meta name=\"robots\" content=\"index, follow, max-snippet:-1, max-image-preview:large, max-video-preview:-1\" \/>\n<link rel=\"canonical\" href=\"https:\/\/www.logmans.com.br\/site\/operacionalizacao-penitenciaria\/\" \/>\n<meta property=\"og:locale\" content=\"pt_BR\" \/>\n<meta property=\"og:type\" content=\"article\" \/>\n<meta property=\"og:title\" content=\"Operacionaliza\u00e7\u00e3o Penitenci\u00e1ria | Para uma Sociedade Melhor\" \/>\n<meta property=\"og:description\" content=\"Com a Operacionaliza\u00e7\u00e3o Penitenci\u00e1ria buscamos dar uma segunda chance para pessoas que tem plena capacidade de contribuir com a sociedade.\" \/>\n<meta property=\"og:url\" content=\"https:\/\/www.logmans.com.br\/site\/operacionalizacao-penitenciaria\/\" \/>\n<meta property=\"og:site_name\" content=\"Logmans\" \/>\n<meta property=\"article:modified_time\" content=\"2020-11-17T18:59:38+00:00\" \/>\n<meta name=\"twitter:card\" content=\"summary_large_image\" \/>\n<meta name=\"twitter:label1\" content=\"Est. reading time\">\n\t<meta name=\"twitter:data1\" content=\"2 minutos\">\n<script type=\"application\/ld+json\" class=\"yoast-schema-graph\">{\"@context\":\"https:\/\/schema.org\",\"@graph\":[{\"@type\":\"WebSite\",\"@id\":\"https:\/\/www.logmans.com.br\/site\/#website\",\"url\":\"https:\/\/www.logmans.com.br\/site\/\",\"name\":\"Logmans\",\"description\":\"\",\"potentialAction\":[{\"@type\":\"SearchAction\",\"target\":\"https:\/\/www.logmans.com.br\/site\/?s={search_term_string}\",\"query-input\":\"required name=search_term_string\"}],\"inLanguage\":\"pt-BR\"},{\"@type\":\"WebPage\",\"@id\":\"https:\/\/www.logmans.com.br\/site\/operacionalizacao-penitenciaria\/#webpage\",\"url\":\"https:\/\/www.logmans.com.br\/site\/operacionalizacao-penitenciaria\/\",\"name\":\"Operacionaliza\\u00e7\\u00e3o Penitenci\\u00e1ria | Para uma Sociedade Melhor\",\"isPartOf\":{\"@id\":\"https:\/\/www.logmans.com.br\/site\/#website\"},\"datePublished\":\"2020-10-21T17:32:21+00:00\",\"dateModified\":\"2020-11-17T18:59:38+00:00\",\"description\":\"Com a Operacionaliza\\u00e7\\u00e3o Penitenci\\u00e1ria buscamos dar uma segunda chance para pessoas que tem plena capacidade de contribuir com a sociedade.\",\"inLanguage\":\"pt-BR\",\"potentialAction\":[{\"@type\":\"ReadAction\",\"target\":[\"https:\/\/www.logmans.com.br\/site\/operacionalizacao-penitenciaria\/\"]}]}]}<\/script>\n<!-- \/ Yoast SEO plugin. -->","_links":{"self":[{"href":"https:\/\/www.logmans.com.br\/site\/wp-json\/wp\/v2\/pages\/1625"}],"collection":[{"href":"https:\/\/www.logmans.com.br\/site\/wp-json\/wp\/v2\/pages"}],"about":[{"href":"https:\/\/www.logmans.com.br\/site\/wp-json\/wp\/v2\/types\/page"}],"author":[{"embeddable":true,"href":"https:\/\/www.logmans.com.br\/site\/wp-json\/wp\/v2\/users\/1"}],"replies":[{"embeddable":true,"href":"https:\/\/www.logmans.com.br\/site\/wp-json\/wp\/v2\/comments?post=1625"}],"version-history":[{"count":22,"href":"https:\/\/www.logmans.com.br\/site\/wp-json\/wp\/v2\/pages\/1625\/revisions"}],"predecessor-version":[{"id":1658,"href":"https:\/\/www.logmans.com.br\/site\/wp-json\/wp\/v2\/pages\/1625\/revisions\/1658"}],"wp:attachment":[{"href":"https:\/\/www.logmans.com.br\/site\/wp-json\/wp\/v2\/media?parent=1625"}],"curies":[{"name":"wp","href":"https:\/\/api.w.org\/{rel}","templated":true}]}}