{"id":1611,"date":"2020-09-13T20:08:14","date_gmt":"2020-09-13T23:08:14","guid":{"rendered":"http:\/\/www.logmans.com.br\/site\/?page_id=1611"},"modified":"2021-03-09T10:45:11","modified_gmt":"2021-03-09T13:45:11","slug":"servicos-de-recepcao-e-portaria","status":"publish","type":"page","link":"https:\/\/www.logmans.com.br\/site\/servicos-de-recepcao-e-portaria\/","title":{"rendered":"Servi\u00e7os de recep\u00e7\u00e3o e portaria"},"content":{"rendered":"<p>[vc_row full_width=&#8221;stretch_row_content&#8221; equal_height=&#8221;yes&#8221; css=&#8221;.vc_custom_1588113592844{margin-top: -100px !important;margin-bottom: 0px !important;padding-bottom: 0px !important;background-image: url(http:\/\/www.logmans.com.br\/site\/wp-content\/uploads\/2020\/04\/slice-12.jpg?id=1485) !important;background-position: 0 0 !important;background-repeat: repeat !important;}&#8221; el_class=&#8221;new-qf-bottom-margin&#8221;][vc_column]<div id=\"fullwidth-block-69ea0ac8210cc\" class=\"fullwidth-block clearfix\"  style=\"padding-top: 80px;\"><script type=\"text\/javascript\">if (typeof(gem_fix_fullwidth_position) == \"function\") { gem_fix_fullwidth_position(document.getElementById(\"fullwidth-block-69ea0ac8210cc\")); }<\/script><div class=\"fullwidth-block-inner\"><div class=\"container\">[vc_row_inner equal_height=&#8221;yes&#8221; css=&#8221;.vc_custom_1587249169894{padding-right: 100px !important;padding-left: 100px !important;}&#8221; el_id=&#8221;sobre-nos&#8221;][vc_column_inner][vc_column_text]<\/p>\n<h5 style=\"text-align: left;\">A LOGMANS tr\u00e1s para sua empresa, qualidade em servi\u00e7os de recep\u00e7\u00e3o e portaria inovando o modo de receber seus clientes.<\/h5>\n<p>[\/vc_column_text][vc_column_text]A recep\u00e7\u00e3o \u00e9 um dos muitos servi\u00e7os que a <a href=\"https:\/\/www.logmans.com.br\/site\/a-logmans\/\">Logmans<\/a> oferece.\u00a0O objetivo b\u00e1sico do servi\u00e7o de recep\u00e7\u00e3o e portaria \u00e9 receber as pessoas e faz\u00ea-los sentir-se bem-vindos e filtrar o acesso n\u00e3o autorizado nas depend\u00eancias do cliente.<\/p>\n<p>A Logmans possui grande experi\u00eancia e compet\u00eancia neste tipo de servi\u00e7o. Partimos do entendimento das necessidades do cliente individualmente e projetamos as solu\u00e7\u00f5es e desenvolvemos a melhor maneira para sermos eficientes. A recep\u00e7\u00e3o funciona, geralmente, como um local de informa\u00e7\u00f5es para os visitantes e colaboradores do cliente, e pode exercer tamb\u00e9m a fun\u00e7\u00e3o de ajudar em servi\u00e7os, incluindo:<\/p>\n<p><strong>\u2022 Armazenamento de bagagem e casacos<\/strong><br \/>\n<strong>\u2022 Emiss\u00e3o de bilhetes etc.<\/strong><br \/>\n<strong>\u2022 Solicitando t\u00e1xis<\/strong><br \/>\n<strong>\u2022 Pedidos de jornais e brochuras<\/strong><br \/>\n<strong>\u2022 instru\u00e7\u00f5es<\/strong><br \/>\n<strong>\u2022 Informa\u00e7\u00f5es sobre os servi\u00e7os dispon\u00edveis no escrit\u00f3rio<\/strong><br \/>\n<strong>\u2022 Informa\u00e7\u00f5es sobre quem contatar sobre v\u00e1rios assuntos<\/strong><\/p>\n<p>Fazendo uma grande diferen\u00e7a, uma recep\u00e7\u00e3o pr\u00f3-ativa!<br \/>\nA recep\u00e7\u00e3o \u00e9 o r\u00f3tulo do cliente para os visitantes e para a equipe do cliente. Ela \u00e9 o primeiro contato que um visitante tem e onde percebem sua primeira impress\u00e3o sobre a empresa. \u00c9 de suma import\u00e2ncia que a recep\u00e7\u00e3o e as pessoas que trabalham ali reflitam a imagem que a empresa deseja. N\u00e3o \u00e9 apenas ter uma apar\u00eancia correta, mas, uma conduta e da mentalidade de servi\u00e7o das pessoas.[\/vc_column_text][vc_empty_space height=&#8221;10px&#8221;][\/vc_column_inner][\/vc_row_inner]<\/div><\/div><\/div>[\/vc_column][\/vc_row][vc_row][vc_column][vc_column_text]<span style=\"color: #ffffff;\">A receptividade \u00e9 um dos muitos servi\u00e7os que a Logmans oferece. O objetivo b\u00e1sico do servi\u00e7o de recep\u00e7\u00e3o e portaria \u00e9 receber as pessoas e faz\u00ea-los sentir-se bem-vindos e filtrar o acesso n\u00e3o autorizado nas depend\u00eancias do cliente.<\/span><br \/>\n<span style=\"color: #ffffff;\">Essa nossa funcionalidade, geralmente, como um local de informa\u00e7\u00f5es para os visitantes e colaboradores do cliente, e pode exercer tamb\u00e9m a fun\u00e7\u00e3o de ajudar em servi\u00e7os, incluindo:<\/span><br \/>\n<span style=\"color: #ffffff;\">Fazendo uma grande diferen\u00e7a aos clientes, uma recep\u00e7\u00e3o pr\u00f3-ativa!<\/span>[\/vc_column_text][\/vc_column][\/vc_row]<\/p>\n","protected":false},"excerpt":{"rendered":"<p>[vc_row full_width=&#8221;stretch_row_content&#8221; equal_height=&#8221;yes&#8221; css=&#8221;.vc_custom_1588113592844{margin-top: -100px !important;margin-bottom: 0px !important;padding-bottom: 0px !important;background-image: url(http:\/\/www.logmans.com.br\/site\/wp-content\/uploads\/2020\/04\/slice-12.jpg?id=1485) !important;background-position: 0 0 !important;background-repeat: repeat !important;}&#8221; el_class=&#8221;new-qf-bottom-margin&#8221;][vc_column][\/vc_column][\/vc_row][vc_row][vc_column][vc_column_text]A receptividade \u00e9&#8230;<\/p>\n","protected":false},"author":1,"featured_media":0,"parent":0,"menu_order":0,"comment_status":"closed","ping_status":"closed","template":"","meta":[],"yoast_head":"<!-- This site is optimized with the Yoast SEO plugin v15.6.2 - https:\/\/yoast.com\/wordpress\/plugins\/seo\/ -->\n<title>Recep\u00e7\u00e3o e Portaria: Servi\u00e7o Essencial para sua Empresa | Logmans<\/title>\n<meta name=\"description\" content=\"O objetivo b\u00e1sico do servi\u00e7o de recep\u00e7\u00e3o e portaria \u00e9 receber as pessoas e faz\u00ea-los sentir-se bem-vindos e filtrar o acesso n\u00e3o autorizado.\" \/>\n<meta name=\"robots\" content=\"index, follow, max-snippet:-1, max-image-preview:large, max-video-preview:-1\" \/>\n<link rel=\"canonical\" href=\"https:\/\/www.logmans.com.br\/site\/servicos-de-recepcao-e-portaria\/\" \/>\n<meta property=\"og:locale\" content=\"pt_BR\" \/>\n<meta property=\"og:type\" content=\"article\" \/>\n<meta property=\"og:title\" content=\"Recep\u00e7\u00e3o e Portaria: Servi\u00e7o Essencial para sua Empresa | Logmans\" \/>\n<meta property=\"og:description\" content=\"O objetivo b\u00e1sico do servi\u00e7o de recep\u00e7\u00e3o e portaria \u00e9 receber as pessoas e faz\u00ea-los sentir-se bem-vindos e filtrar o acesso n\u00e3o autorizado.\" \/>\n<meta property=\"og:url\" content=\"https:\/\/www.logmans.com.br\/site\/servicos-de-recepcao-e-portaria\/\" \/>\n<meta property=\"og:site_name\" content=\"Logmans\" \/>\n<meta property=\"article:modified_time\" content=\"2021-03-09T13:45:11+00:00\" \/>\n<meta name=\"twitter:card\" content=\"summary_large_image\" \/>\n<meta name=\"twitter:label1\" content=\"Est. reading time\">\n\t<meta name=\"twitter:data1\" content=\"2 minutos\">\n<script type=\"application\/ld+json\" class=\"yoast-schema-graph\">{\"@context\":\"https:\/\/schema.org\",\"@graph\":[{\"@type\":\"WebSite\",\"@id\":\"https:\/\/www.logmans.com.br\/site\/#website\",\"url\":\"https:\/\/www.logmans.com.br\/site\/\",\"name\":\"Logmans\",\"description\":\"\",\"potentialAction\":[{\"@type\":\"SearchAction\",\"target\":\"https:\/\/www.logmans.com.br\/site\/?s={search_term_string}\",\"query-input\":\"required name=search_term_string\"}],\"inLanguage\":\"pt-BR\"},{\"@type\":\"WebPage\",\"@id\":\"https:\/\/www.logmans.com.br\/site\/servicos-de-recepcao-e-portaria\/#webpage\",\"url\":\"https:\/\/www.logmans.com.br\/site\/servicos-de-recepcao-e-portaria\/\",\"name\":\"Recep\\u00e7\\u00e3o e Portaria: Servi\\u00e7o Essencial para sua Empresa | Logmans\",\"isPartOf\":{\"@id\":\"https:\/\/www.logmans.com.br\/site\/#website\"},\"datePublished\":\"2020-09-13T23:08:14+00:00\",\"dateModified\":\"2021-03-09T13:45:11+00:00\",\"description\":\"O objetivo b\\u00e1sico do servi\\u00e7o de recep\\u00e7\\u00e3o e portaria \\u00e9 receber as pessoas e faz\\u00ea-los sentir-se bem-vindos e filtrar o acesso n\\u00e3o autorizado.\",\"inLanguage\":\"pt-BR\",\"potentialAction\":[{\"@type\":\"ReadAction\",\"target\":[\"https:\/\/www.logmans.com.br\/site\/servicos-de-recepcao-e-portaria\/\"]}]}]}<\/script>\n<!-- \/ Yoast SEO plugin. -->","_links":{"self":[{"href":"https:\/\/www.logmans.com.br\/site\/wp-json\/wp\/v2\/pages\/1611"}],"collection":[{"href":"https:\/\/www.logmans.com.br\/site\/wp-json\/wp\/v2\/pages"}],"about":[{"href":"https:\/\/www.logmans.com.br\/site\/wp-json\/wp\/v2\/types\/page"}],"author":[{"embeddable":true,"href":"https:\/\/www.logmans.com.br\/site\/wp-json\/wp\/v2\/users\/1"}],"replies":[{"embeddable":true,"href":"https:\/\/www.logmans.com.br\/site\/wp-json\/wp\/v2\/comments?post=1611"}],"version-history":[{"count":5,"href":"https:\/\/www.logmans.com.br\/site\/wp-json\/wp\/v2\/pages\/1611\/revisions"}],"predecessor-version":[{"id":1673,"href":"https:\/\/www.logmans.com.br\/site\/wp-json\/wp\/v2\/pages\/1611\/revisions\/1673"}],"wp:attachment":[{"href":"https:\/\/www.logmans.com.br\/site\/wp-json\/wp\/v2\/media?parent=1611"}],"curies":[{"name":"wp","href":"https:\/\/api.w.org\/{rel}","templated":true}]}}