{"id":1592,"date":"2020-08-18T13:12:53","date_gmt":"2020-08-18T16:12:53","guid":{"rendered":"http:\/\/www.logmans.com.br\/site\/?page_id=1592"},"modified":"2020-10-26T12:22:52","modified_gmt":"2020-10-26T15:22:52","slug":"sanitizacao-higienizacao-e-desinfeccao-de-ambientes","status":"publish","type":"page","link":"https:\/\/www.logmans.com.br\/site\/sanitizacao-higienizacao-e-desinfeccao-de-ambientes\/","title":{"rendered":"Sanitiza\u00e7\u00e3o, Higieniza\u00e7\u00e3o e Desinfec\u00e7\u00e3o de Ambientes"},"content":{"rendered":"<p>[vc_row full_width=&#8221;stretch_row_content&#8221; equal_height=&#8221;yes&#8221; css=&#8221;.vc_custom_1588113592844{margin-top: -100px !important;margin-bottom: 0px !important;padding-bottom: 0px !important;background-image: url(http:\/\/www.logmans.com.br\/site\/wp-content\/uploads\/2020\/04\/slice-12.jpg?id=1485) !important;background-position: 0 0 !important;background-repeat: repeat !important;}&#8221; el_class=&#8221;new-qf-bottom-margin&#8221;][vc_column]<div id=\"fullwidth-block-69ea0ac3bec12\" class=\"fullwidth-block clearfix\"  style=\"padding-top: 80px;\"><script type=\"text\/javascript\">if (typeof(gem_fix_fullwidth_position) == \"function\") { gem_fix_fullwidth_position(document.getElementById(\"fullwidth-block-69ea0ac3bec12\")); }<\/script><div class=\"fullwidth-block-inner\"><div class=\"container\">[vc_row_inner equal_height=&#8221;yes&#8221; css=&#8221;.vc_custom_1587249169894{padding-right: 100px !important;padding-left: 100px !important;}&#8221; el_id=&#8221;sobre-nos&#8221;][vc_column_inner][vc_column_text]<\/p>\n<h5 style=\"text-align: left;\">a Logmans tem a solu\u00e7\u00e3o ideal para o controle e combate ao COVID-19 (CORONAV\u00cdRUS)<\/h5>\n<p>[\/vc_column_text][vc_column_text]<\/p>\n<p style=\"text-align: justify;\">Com o m\u00e9todo utilizado por v\u00e1rios pa\u00edses e orientados pela OMS nos processos de sanitiza\u00e7\u00e3o\u00a0 e desinfec\u00e7\u00e3o para combater o avan\u00e7o da COVID &#8211; 19, o novo CORONAV\u00cdRUS, e usando produtos sustent\u00e1veis e n\u00e3o t\u00f3xicos com registro no minist\u00e9rio da sa\u00fade a base do Quatern\u00e1rio de Am\u00f4nia (*Conforme ficha t\u00e9cnica e FISQP do produto registrado). Combatendo v\u00e1rios agentes nocivos a sa\u00fade.<\/p>\n<p style=\"text-align: center;\"><strong>\u2022 V\u00edrus (inclusive o COVID-19)\u00a0 \u00a0 \u00a0 \u00a0\u2022 Fungos\u00a0 \u00a0 \u00a0 \u00a0\u2022 Bact\u00e9rias<\/strong><\/p>\n<p style=\"text-align: justify;\">Os v\u00edrus s\u00e3o seres que n\u00e3o possuem c\u00e9lulas, s\u00e3o constitu\u00eddos por \u00e1cido nucl\u00e9ico que pode ser o DNA ou o RNA, envolvido por um inv\u00f3lucro proteico denominado caps\u00eddeo. Possuem cerca de 0,1\u00b5m de di\u00e2metro, com dimens\u00f5es apenas observ\u00e1veis ao microsc\u00f3pio eletr\u00f4nico. Por serem t\u00e3o pequenos conseguem invadir c\u00e9lulas, inclusive a de organismos unicelulares, como as bact\u00e9rias. \u00c9 parasitando c\u00e9lulas de outros organismos que os v\u00edrus conseguem reproduzir-se. Como s\u00e3o parasitas obrigat\u00f3rios eles causam nos seres parasitados doen\u00e7as denominadas viroses. Os v\u00edrus apresentam formas de organismo bastante diferenciadas, mas todos possuem uma c\u00e1psula feita de prote\u00edna, onde fica o material gen\u00e9tico desses seres. Esse material gen\u00e9tico sofre modifica\u00e7\u00f5es, ou seja, muta\u00e7\u00f5es, com frequ\u00eancia, levando ao surgimento de variedades (subtipos) de um mesmo v\u00edrus. Isso dificulta o seu combate e compromete a efici\u00eancia de v\u00e1rias vacinas, que s\u00e3o preparadas para combater tipos 97\/20.<\/p>\n<p>[\/vc_column_text][vc_column_text]<\/p>\n<p style=\"text-align: justify;\"><strong>Desinfectar:<\/strong> significa destruir ou irreversivelmente inativar fungos e bact\u00e9rias (mas n\u00e3o necessariamente os esporos) em superf\u00edcies r\u00edgidas.<\/p>\n<p style=\"text-align: justify;\"><strong>Sanitizar:<\/strong> significa reduzir microrganismos cr\u00edticos para sa\u00fade p\u00fablica em n\u00edveis considerados seguros, com base em par\u00e2metros estabelecidos, sem prejudicar nem a qualidade do produto nem a sua seguran\u00e7a.<\/p>\n<p style=\"text-align: justify;\">Os <strong>PRODUTOS QU\u00cdMICOS<\/strong> usados t\u00eam como base o Quatern\u00e1rio de Am\u00f4nia (*Conforme ficha t\u00e9cnica e FISQP do produto registrado).<\/p>\n<p>[\/vc_column_text][vc_column_text]<\/p>\n<h5 style=\"text-align: left;\">SANITIZA\u00c7\u00c3O DE AMBIENTES<\/h5>\n<p>[\/vc_column_text][vc_column_text]<\/p>\n<p style=\"text-align: justify;\">A sanitiza\u00e7\u00e3o de ambientes \u00e9 o processo que deixa seu ambiente livre de micro-organismos nocivos a sua sa\u00fade, tais como: bact\u00e9rias, fungos e v\u00edrus inclusive a fam\u00edlia do Coronav\u00edrus.<\/p>\n<p>[\/vc_column_text][vc_empty_space height=&#8221;10px&#8221;][vc_column_text]<\/p>\n<h5 style=\"text-align: left;\">COMO \u00c9 FEITA A SANITIZA\u00c7\u00c3O?<\/h5>\n<p>[\/vc_column_text][vc_column_text]<\/p>\n<p style=\"text-align: justify;\">\u00c9 feita por nebuliza\u00e7\u00e3o e pulverizador atomizador, que espalham o produto por meio de micropart\u00edculas nas regi\u00f5es de contato criando uma pel\u00edcula ativa protetora. As superf\u00edcies, objetos, e utens\u00edlios onde o COVID-19 pode se alojar; as micropart\u00edculas alcan\u00e7a e elimina o v\u00edrus, e sua a\u00e7\u00e3o protege por dias. Os produtos qu\u00edmicos utilizados s\u00e3o bem espec\u00edficos e s\u00e3o certificados pela ANVISA, contendo em sua f\u00f3rmula subst\u00e2ncias eficazes na elimina\u00e7\u00e3o de fungos, bact\u00e9rias e v\u00edrus.<\/p>\n<p style=\"text-align: justify;\">O produto \u00e9 aplicado em \u00e1reas externas e internas de uso comum, como corredores, corrim\u00e3os, interruptores, ma\u00e7anetas, locais como hall, quadra de esporte, \u00e1rea da piscina, recep\u00e7\u00e3o, dep\u00f3sitos, estoques al\u00e9m de mesas, cadeiras equipamentos ou mobili\u00e1rios internos, dentre outros.<\/p>\n<p style=\"text-align: justify;\">O produto n\u00e3o danifica equipamentos, mas aconselhamos desligar da rede el\u00e9trica para evitar poss\u00edveis acidentes.<\/p>\n<p>[\/vc_column_text][vc_empty_space height=&#8221;10px&#8221;][vc_column_text]<\/p>\n<h5 style=\"text-align: left;\">Periodicidade de controle<\/h5>\n<p>[\/vc_column_text][vc_column_text]<\/p>\n<p style=\"text-align: justify;\">Sugerimos 01 (uma) aplica\u00e7\u00e3o semanal. Caso haja algum impedimento de realiza\u00e7\u00e3o de servi\u00e7o no dia agendado, como por ex: por quest\u00f5es clim\u00e1ticas de chuvas, haver\u00e1 substitui\u00e7\u00e3o de dia dentro da pr\u00f3pria semana.<\/p>\n<p style=\"text-align: justify;\"><strong>Obs: As aplica\u00e7\u00f5es n\u00e3o poder\u00e3o ser realizadas com chuvas, nem garoas, bem como com ventos acima de 10 km\/h.<\/strong><\/p>\n<p>[\/vc_column_text][vc_column_text]<\/p>\n<h5 style=\"text-align: left;\">Hor\u00e1rio de aplica\u00e7\u00e3o<\/h5>\n<p>[\/vc_column_text][vc_column_text]<\/p>\n<p style=\"text-align: justify;\">O produto pode ser aplicado em qualquer momento do dia. Mas ser\u00e1 necess\u00e1rio ausentar\u2013se do local por 30 minutos ap\u00f3s a aplica\u00e7\u00e3o, visando um tratamento eficaz, recomendamos que a limpeza nos locais seja realizada antes do procedimento de sanitiza\u00e7\u00e3o.<\/p>\n<p>Qualquer d\u00favida a mais a <a href=\"https:\/\/www.logmans.com.br\/site\/a-logmans\/\">Logmans<\/a> est\u00e1 a sua disposi\u00e7\u00e3o.[\/vc_column_text][\/vc_column_inner][\/vc_row_inner]<\/div><\/div><\/div>[\/vc_column][\/vc_row][vc_row][vc_column][vc_empty_space height=&#8221;60px&#8221;][\/vc_column][\/vc_row]<\/p>\n","protected":false},"excerpt":{"rendered":"<p>[vc_row full_width=&#8221;stretch_row_content&#8221; equal_height=&#8221;yes&#8221; css=&#8221;.vc_custom_1588113592844{margin-top: -100px !important;margin-bottom: 0px !important;padding-bottom: 0px !important;background-image: url(http:\/\/www.logmans.com.br\/site\/wp-content\/uploads\/2020\/04\/slice-12.jpg?id=1485) !important;background-position: 0 0 !important;background-repeat: repeat !important;}&#8221; el_class=&#8221;new-qf-bottom-margin&#8221;][vc_column][\/vc_column][\/vc_row][vc_row][vc_column][vc_empty_space height=&#8221;60px&#8221;][\/vc_column][\/vc_row]<\/p>\n","protected":false},"author":1,"featured_media":0,"parent":0,"menu_order":0,"comment_status":"closed","ping_status":"closed","template":"","meta":[],"yoast_head":"<!-- This site is optimized with the Yoast SEO plugin v15.6.2 - https:\/\/yoast.com\/wordpress\/plugins\/seo\/ -->\n<title>Sanitiza\u00e7\u00e3o, Higieniza\u00e7\u00e3o e Desinfec\u00e7\u00e3o de Ambientes | Logmans<\/title>\n<meta name=\"description\" content=\"Fa\u00e7a a Sanitiza\u00e7\u00e3o, Higieniza\u00e7\u00e3o e Desinfec\u00e7\u00e3o de Ambientes para tornar seu local de trabalho mais agrad\u00e1vel para funcion\u00e1rios e clientes.\" \/>\n<meta name=\"robots\" content=\"index, follow, max-snippet:-1, max-image-preview:large, max-video-preview:-1\" \/>\n<link rel=\"canonical\" href=\"https:\/\/www.logmans.com.br\/site\/sanitizacao-higienizacao-e-desinfeccao-de-ambientes\/\" \/>\n<meta property=\"og:locale\" content=\"pt_BR\" \/>\n<meta property=\"og:type\" content=\"article\" \/>\n<meta property=\"og:title\" content=\"Sanitiza\u00e7\u00e3o, Higieniza\u00e7\u00e3o e Desinfec\u00e7\u00e3o de Ambientes | Logmans\" \/>\n<meta property=\"og:description\" content=\"Fa\u00e7a a Sanitiza\u00e7\u00e3o, Higieniza\u00e7\u00e3o e Desinfec\u00e7\u00e3o de Ambientes para tornar seu local de trabalho mais agrad\u00e1vel para funcion\u00e1rios e clientes.\" \/>\n<meta property=\"og:url\" content=\"https:\/\/www.logmans.com.br\/site\/sanitizacao-higienizacao-e-desinfeccao-de-ambientes\/\" \/>\n<meta property=\"og:site_name\" content=\"Logmans\" \/>\n<meta property=\"article:modified_time\" content=\"2020-10-26T15:22:52+00:00\" \/>\n<meta name=\"twitter:card\" content=\"summary_large_image\" \/>\n<meta name=\"twitter:label1\" content=\"Est. reading time\">\n\t<meta name=\"twitter:data1\" content=\"4 minutos\">\n<script type=\"application\/ld+json\" class=\"yoast-schema-graph\">{\"@context\":\"https:\/\/schema.org\",\"@graph\":[{\"@type\":\"WebSite\",\"@id\":\"https:\/\/www.logmans.com.br\/site\/#website\",\"url\":\"https:\/\/www.logmans.com.br\/site\/\",\"name\":\"Logmans\",\"description\":\"\",\"potentialAction\":[{\"@type\":\"SearchAction\",\"target\":\"https:\/\/www.logmans.com.br\/site\/?s={search_term_string}\",\"query-input\":\"required name=search_term_string\"}],\"inLanguage\":\"pt-BR\"},{\"@type\":\"WebPage\",\"@id\":\"https:\/\/www.logmans.com.br\/site\/sanitizacao-higienizacao-e-desinfeccao-de-ambientes\/#webpage\",\"url\":\"https:\/\/www.logmans.com.br\/site\/sanitizacao-higienizacao-e-desinfeccao-de-ambientes\/\",\"name\":\"Sanitiza\\u00e7\\u00e3o, Higieniza\\u00e7\\u00e3o e Desinfec\\u00e7\\u00e3o de Ambientes | Logmans\",\"isPartOf\":{\"@id\":\"https:\/\/www.logmans.com.br\/site\/#website\"},\"datePublished\":\"2020-08-18T16:12:53+00:00\",\"dateModified\":\"2020-10-26T15:22:52+00:00\",\"description\":\"Fa\\u00e7a a Sanitiza\\u00e7\\u00e3o, Higieniza\\u00e7\\u00e3o e Desinfec\\u00e7\\u00e3o de Ambientes para tornar seu local de trabalho mais agrad\\u00e1vel para funcion\\u00e1rios e clientes.\",\"inLanguage\":\"pt-BR\",\"potentialAction\":[{\"@type\":\"ReadAction\",\"target\":[\"https:\/\/www.logmans.com.br\/site\/sanitizacao-higienizacao-e-desinfeccao-de-ambientes\/\"]}]}]}<\/script>\n<!-- \/ Yoast SEO plugin. -->","_links":{"self":[{"href":"https:\/\/www.logmans.com.br\/site\/wp-json\/wp\/v2\/pages\/1592"}],"collection":[{"href":"https:\/\/www.logmans.com.br\/site\/wp-json\/wp\/v2\/pages"}],"about":[{"href":"https:\/\/www.logmans.com.br\/site\/wp-json\/wp\/v2\/types\/page"}],"author":[{"embeddable":true,"href":"https:\/\/www.logmans.com.br\/site\/wp-json\/wp\/v2\/users\/1"}],"replies":[{"embeddable":true,"href":"https:\/\/www.logmans.com.br\/site\/wp-json\/wp\/v2\/comments?post=1592"}],"version-history":[{"count":3,"href":"https:\/\/www.logmans.com.br\/site\/wp-json\/wp\/v2\/pages\/1592\/revisions"}],"predecessor-version":[{"id":1653,"href":"https:\/\/www.logmans.com.br\/site\/wp-json\/wp\/v2\/pages\/1592\/revisions\/1653"}],"wp:attachment":[{"href":"https:\/\/www.logmans.com.br\/site\/wp-json\/wp\/v2\/media?parent=1592"}],"curies":[{"name":"wp","href":"https:\/\/api.w.org\/{rel}","templated":true}]}}