{"id":1578,"date":"2020-08-18T12:30:00","date_gmt":"2020-08-18T15:30:00","guid":{"rendered":"http:\/\/www.logmans.com.br\/site\/?page_id=1578"},"modified":"2020-10-26T11:59:49","modified_gmt":"2020-10-26T14:59:49","slug":"servicos-de-limpeza-e-conservacao","status":"publish","type":"page","link":"https:\/\/www.logmans.com.br\/site\/servicos-de-limpeza-e-conservacao\/","title":{"rendered":"Limpeza e Conserva\u00e7\u00e3o"},"content":{"rendered":"<p>[vc_row full_width=&#8221;stretch_row_content&#8221; equal_height=&#8221;yes&#8221; css=&#8221;.vc_custom_1588113592844{margin-top: -100px !important;margin-bottom: 0px !important;padding-bottom: 0px !important;background-image: url(http:\/\/www.logmans.com.br\/site\/wp-content\/uploads\/2020\/04\/slice-12.jpg?id=1485) !important;background-position: 0 0 !important;background-repeat: repeat !important;}&#8221; el_class=&#8221;new-qf-bottom-margin&#8221;][vc_column]<div id=\"fullwidth-block-69ea0b019ca94\" class=\"fullwidth-block clearfix\"  style=\"padding-top: 80px;\"><script type=\"text\/javascript\">if (typeof(gem_fix_fullwidth_position) == \"function\") { gem_fix_fullwidth_position(document.getElementById(\"fullwidth-block-69ea0b019ca94\")); }<\/script><div class=\"fullwidth-block-inner\"><div class=\"container\">[vc_row_inner equal_height=&#8221;yes&#8221; css=&#8221;.vc_custom_1587249169894{padding-right: 100px !important;padding-left: 100px !important;}&#8221; el_id=&#8221;sobre-nos&#8221;][vc_column_inner][vc_column_text]<\/p>\n<h5 style=\"text-align: left;\">Vale a pena terceirizar?<\/h5>\n<p>[\/vc_column_text][vc_column_text]<\/p>\n<p style=\"text-align: justify;\">\u00c1reas de grande circula\u00e7\u00e3o tais como Shopping, lojas, igrejas, academias, escolas, aeroportos, condom\u00ednios, ind\u00fastrias, jardins, onde as pessoas trabalham, estudam e convivem de alguma forma. S\u00e3o locais que exigem um cuidado especial no quesito limpeza e conserva\u00e7\u00e3o.<\/p>\n<p style=\"text-align: justify;\">Se voc\u00ea \u00e9 respons\u00e1vel por algum desses espa\u00e7os, deve saber que a aten\u00e7\u00e3o com esses fatores \u00e9 constante. Mas qual \u00e9 a import\u00e2ncia disso para a institui\u00e7\u00e3o? Como formar uma equipe de limpeza eficiente para garantir um padr\u00e3o de qualidade nos servi\u00e7os? E quanto \u00e0 terceiriza\u00e7\u00e3o? \u00c9 uma alternativa vantajosa? Como avaliar um bom prestador de servi\u00e7os de limpeza e conserva\u00e7\u00e3o?<\/p>\n<p>[\/vc_column_text][vc_column_text]<\/p>\n<h5 style=\"text-align: left;\">Qu\u00e3o importante \u00e9 a limpeza e conserva\u00e7\u00e3o?<\/h5>\n<p>[\/vc_column_text][vc_column_text]<\/p>\n<p style=\"text-align: justify;\">Viver ou frequentar um local sem as condi\u00e7\u00f5es ideais para a preserva\u00e7\u00e3o de sua sa\u00fade, seguran\u00e7a e bem-estar \u00e9 bem dif\u00edcil. Gostamos de ambientes limpos e conservados, e isso envolve muitos cuidados com esses servi\u00e7os nos lugares em que as pessoas estudam, trabalham, realizam suas atividades e convivem no dia a dia.<\/p>\n<p style=\"text-align: justify;\">Mas quando falamos sobre lugares que concentram a presen\u00e7a e a circula\u00e7\u00e3o de uma grande quantidade de pessoas, esses cuidados ganham outras dimens\u00f5es.<\/p>\n<h5>Entenda a import\u00e2ncia de uma conserva\u00e7\u00e3o cuidadosa:<\/h5>\n<p>[\/vc_column_text][vc_empty_space height=&#8221;10px&#8221;][vc_column_text]<\/p>\n<h6 style=\"text-align: left;\">\u2022 Contribui para manter o padr\u00e3o de servi\u00e7os e da produtividade.<\/h6>\n<p>[\/vc_column_text][vc_column_text]<\/p>\n<p style=\"text-align: justify;\">O primeiro aspecto que torna a limpeza e conserva\u00e7\u00e3o important\u00edssimos \u00e9 a manuten\u00e7\u00e3o do padr\u00e3o de servi\u00e7os do empreendimento. Geralmente, essas atividades n\u00e3o interferem diretamente nas atividades operacionais do local, mas influenciam na percep\u00e7\u00e3o do ambiente.<\/p>\n<p style=\"text-align: justify;\">Um escrit\u00f3rio que n\u00e3o foi devidamente limpo, por exemplo, n\u00e3o impede que o profissional fa\u00e7a seu trabalho. Por\u00e9m, o inc\u00f4modo causado pela situa\u00e7\u00e3o deixa o ambiente desagrad\u00e1vel para funcion\u00e1rios e ainda interfere na produtividade dos mesmos.<\/p>\n<p style=\"text-align: justify;\">Basta ver a sensa\u00e7\u00e3o de des\u00e2nimo e cansa\u00e7o que sentimos em um local mal iluminado e desorganizado. De forma contr\u00e1ria, um ambiente limpo, arejado, iluminado e bem conservado promove uma disposi\u00e7\u00e3o diferente, trazendo impacto sobre a produtividade.<\/p>\n<p style=\"text-align: justify;\">E n\u00e3o se trata apenas de um efeito psicol\u00f3gico, embora ele seja muito importante. Limpeza e organiza\u00e7\u00e3o ajudam os funcion\u00e1rios a encontrarem documentos, objetos e ferramentas com facilidade, fazendo com que as tarefas do cotidiano sejam realizadas rapidamente.<\/p>\n<p>[\/vc_column_text][vc_empty_space height=&#8221;10px&#8221;][vc_column_text]<\/p>\n<h6 style=\"text-align: left;\">\u2022 Gera uma avalia\u00e7\u00e3o a respeito da atua\u00e7\u00e3o dos administradores.<\/h6>\n<p>[\/vc_column_text][vc_column_text]<\/p>\n<p style=\"text-align: justify;\">Qual \u00e9 a percep\u00e7\u00e3o que os moradores de um condom\u00ednio t\u00eam de seu s\u00edndico quando as \u00e1reas comuns s\u00e3o mal cuidados, n\u00e3o apresentam uma limpeza adequada, os objetos est\u00e3o desgastados e n\u00e3o s\u00e3o substitu\u00eddos e a portaria n\u00e3o funciona bem, deixando os moradores vulner\u00e1veis? Ou o que os usu\u00e1rios de um aeroporto ou de um shopping center dir\u00e1 a respeito da administra\u00e7\u00e3o quando os banheiros est\u00e3o permanentemente sujos e malcheirosos, o lixo n\u00e3o \u00e9 recolhido na periodicidade necess\u00e1ria, os vidros, espelhos e outros elementos de design vivem manchados e a \u00e1rea verde est\u00e1 abandonada?<\/p>\n<p style=\"text-align: justify;\">Seja um p\u00fablico externo ou interno \u2014 ser\u00e3o impactados negativamente pela falta de conserva\u00e7\u00e3o do ambiente. E a primeira percep\u00e7\u00e3o, \u00e9 colocar em d\u00favida se aquela institui\u00e7\u00e3o \u00e9 realmente a mais adequada para a presta\u00e7\u00e3o do servi\u00e7o desejado.<\/p>\n<p>[\/vc_column_text][vc_empty_space height=&#8221;10px&#8221;][vc_column_text]<\/p>\n<h6 style=\"text-align: left;\">\u2022 Fere a imagem da institui\u00e7\u00e3o.<\/h6>\n<p>[\/vc_column_text][vc_column_text]<\/p>\n<p style=\"text-align: justify;\">Uma outra quest\u00e3o a ser observada \u00e9 a imagem da empresa. A t\u00e3o desejada credibilidade dificilmente ser\u00e1 conquistada quando h\u00e1 um ambiente desorganizado, mal higienizado ou com falhas na manuten\u00e7\u00e3o.<\/p>\n<p style=\"text-align: justify;\">Isso vale especialmente para organiza\u00e7\u00f5es como ind\u00fastrias, aeroportos, institui\u00e7\u00f5es de ensino, entre outras. A imagem tem um papel fundamental na constru\u00e7\u00e3o da credibilidade de uma marca ou servi\u00e7o. Portanto, ela deve ser uma quest\u00e3o priorit\u00e1ria.<\/p>\n<p style=\"text-align: justify;\">O mesmo vale para shoppings, aeroportos, supermercados, academias. Afinal, s\u00e3o espa\u00e7os onde as pessoas circulam e gostam de ver tudo devidamente limpo e organizado.<\/p>\n<p style=\"text-align: justify;\">Em ambientes que lidam com alimentos, esse cuidado precisa de muito mais aten\u00e7\u00e3o. A presen\u00e7a de sujeira ou at\u00e9 mesmo a detec\u00e7\u00e3o de parasitas ou animais perniciosos, al\u00e9m de apresentar riscos \u00e0 seguran\u00e7a alimentar, pode arruinar a reputa\u00e7\u00e3o de um estabelecimento.<\/p>\n<p style=\"text-align: justify;\">Muitas pessoas hoje possuem uma c\u00e2mera fotogr\u00e1fica ou filmadora no bolso. Imagine uma foto de um inseto na vitrine de uma lanchonete, isso poderia rapidamente viralizar causando grandes preju\u00edzos \u00e0 empresa. E isso n\u00e3o acontece somente em supermercados e restaurantes.<\/p>\n<p style=\"text-align: justify;\">Qual a impress\u00e3o de um cliente ao frequentar uma academia, local procurado para cuidar da sa\u00fade, e percebe que o ambiente n\u00e3o apresenta condi\u00e7\u00f5es m\u00ednimas de higiene ou os equipamentos oferecem qualquer tipo de risco aos clientes?<\/p>\n<p style=\"text-align: justify;\">\u00c9 f\u00e1cil perceber que essas situa\u00e7\u00f5es podem provocar preju\u00edzos praticamente irrevers\u00edveis \u00e0 imagem de uma organiza\u00e7\u00e3o.<\/p>\n<p>[\/vc_column_text][vc_empty_space height=&#8221;10px&#8221;][vc_column_text]<\/p>\n<h6 style=\"text-align: left;\">\u2022 Envolve quest\u00f5es relacionadas \u00e0 seguran\u00e7a.<\/h6>\n<p>[\/vc_column_text][vc_column_text]<\/p>\n<p style=\"text-align: justify;\">Uma manuten\u00e7\u00e3o prec\u00e1ria coloca pessoas que utilizam aquele ambiente em risco. Qualquer acidente causado por falhas na conserva\u00e7\u00e3o acarretar\u00e1 puni\u00e7\u00f5es, comprometendo o funcionamento ou a sobreviv\u00eancia da empresa.<\/p>\n<p style=\"text-align: justify;\">A organiza\u00e7\u00e3o desse trabalho exige muita dedica\u00e7\u00e3o, conhecimento e profissionaliza\u00e7\u00e3o justamente o que a Logmans pode oferecer aos seus clientes.<\/p>\n<p style=\"text-align: justify;\">Entendeu como \u00e9 importante cuidar da limpeza e conserva\u00e7\u00e3o de um ambiente? Conte com a <a href=\"https:\/\/www.logmans.com.br\/site\/a-logmans\/\">Logmans<\/a> para isso!<\/p>\n<p>[\/vc_column_text][\/vc_column_inner][\/vc_row_inner]<\/div><\/div><\/div>[\/vc_column][\/vc_row][vc_row][vc_column][vc_empty_space height=&#8221;60px&#8221;][\/vc_column][\/vc_row]<\/p>\n","protected":false},"excerpt":{"rendered":"<p>[vc_row full_width=&#8221;stretch_row_content&#8221; equal_height=&#8221;yes&#8221; css=&#8221;.vc_custom_1588113592844{margin-top: -100px !important;margin-bottom: 0px !important;padding-bottom: 0px !important;background-image: url(http:\/\/www.logmans.com.br\/site\/wp-content\/uploads\/2020\/04\/slice-12.jpg?id=1485) !important;background-position: 0 0 !important;background-repeat: repeat !important;}&#8221; el_class=&#8221;new-qf-bottom-margin&#8221;][vc_column][\/vc_column][\/vc_row][vc_row][vc_column][vc_empty_space height=&#8221;60px&#8221;][\/vc_column][\/vc_row]<\/p>\n","protected":false},"author":1,"featured_media":0,"parent":0,"menu_order":0,"comment_status":"closed","ping_status":"closed","template":"","meta":[],"yoast_head":"<!-- This site is optimized with the Yoast SEO plugin v15.6.2 - https:\/\/yoast.com\/wordpress\/plugins\/seo\/ -->\n<title>Limpeza e Conserva\u00e7\u00e3o \u00e9 com a Logmans | Servi\u00e7os Especializados<\/title>\n<meta name=\"description\" content=\"Alguns locais precisam ter constante limpeza e conserva\u00e7\u00e3o do ambiente e, assim, manter o melhor funcionamento para seus clientes.\" \/>\n<meta name=\"robots\" content=\"index, follow, max-snippet:-1, max-image-preview:large, max-video-preview:-1\" \/>\n<link rel=\"canonical\" href=\"https:\/\/www.logmans.com.br\/site\/servicos-de-limpeza-e-conservacao\/\" \/>\n<meta property=\"og:locale\" content=\"pt_BR\" \/>\n<meta property=\"og:type\" content=\"article\" \/>\n<meta property=\"og:title\" content=\"Limpeza e Conserva\u00e7\u00e3o \u00e9 com a Logmans | Servi\u00e7os Especializados\" \/>\n<meta property=\"og:description\" content=\"Alguns locais precisam ter constante limpeza e conserva\u00e7\u00e3o do ambiente e, assim, manter o melhor funcionamento para seus clientes.\" \/>\n<meta property=\"og:url\" content=\"https:\/\/www.logmans.com.br\/site\/servicos-de-limpeza-e-conservacao\/\" \/>\n<meta property=\"og:site_name\" content=\"Logmans\" \/>\n<meta property=\"article:modified_time\" content=\"2020-10-26T14:59:49+00:00\" \/>\n<meta name=\"twitter:card\" content=\"summary_large_image\" \/>\n<meta name=\"twitter:label1\" content=\"Est. reading time\">\n\t<meta name=\"twitter:data1\" content=\"5 minutos\">\n<script type=\"application\/ld+json\" class=\"yoast-schema-graph\">{\"@context\":\"https:\/\/schema.org\",\"@graph\":[{\"@type\":\"WebSite\",\"@id\":\"https:\/\/www.logmans.com.br\/site\/#website\",\"url\":\"https:\/\/www.logmans.com.br\/site\/\",\"name\":\"Logmans\",\"description\":\"\",\"potentialAction\":[{\"@type\":\"SearchAction\",\"target\":\"https:\/\/www.logmans.com.br\/site\/?s={search_term_string}\",\"query-input\":\"required name=search_term_string\"}],\"inLanguage\":\"pt-BR\"},{\"@type\":\"WebPage\",\"@id\":\"https:\/\/www.logmans.com.br\/site\/servicos-de-limpeza-e-conservacao\/#webpage\",\"url\":\"https:\/\/www.logmans.com.br\/site\/servicos-de-limpeza-e-conservacao\/\",\"name\":\"Limpeza e Conserva\\u00e7\\u00e3o \\u00e9 com a Logmans | Servi\\u00e7os Especializados\",\"isPartOf\":{\"@id\":\"https:\/\/www.logmans.com.br\/site\/#website\"},\"datePublished\":\"2020-08-18T15:30:00+00:00\",\"dateModified\":\"2020-10-26T14:59:49+00:00\",\"description\":\"Alguns locais precisam ter constante limpeza e conserva\\u00e7\\u00e3o do ambiente e, assim, manter o melhor funcionamento para seus clientes.\",\"inLanguage\":\"pt-BR\",\"potentialAction\":[{\"@type\":\"ReadAction\",\"target\":[\"https:\/\/www.logmans.com.br\/site\/servicos-de-limpeza-e-conservacao\/\"]}]}]}<\/script>\n<!-- \/ Yoast SEO plugin. -->","_links":{"self":[{"href":"https:\/\/www.logmans.com.br\/site\/wp-json\/wp\/v2\/pages\/1578"}],"collection":[{"href":"https:\/\/www.logmans.com.br\/site\/wp-json\/wp\/v2\/pages"}],"about":[{"href":"https:\/\/www.logmans.com.br\/site\/wp-json\/wp\/v2\/types\/page"}],"author":[{"embeddable":true,"href":"https:\/\/www.logmans.com.br\/site\/wp-json\/wp\/v2\/users\/1"}],"replies":[{"embeddable":true,"href":"https:\/\/www.logmans.com.br\/site\/wp-json\/wp\/v2\/comments?post=1578"}],"version-history":[{"count":14,"href":"https:\/\/www.logmans.com.br\/site\/wp-json\/wp\/v2\/pages\/1578\/revisions"}],"predecessor-version":[{"id":1650,"href":"https:\/\/www.logmans.com.br\/site\/wp-json\/wp\/v2\/pages\/1578\/revisions\/1650"}],"wp:attachment":[{"href":"https:\/\/www.logmans.com.br\/site\/wp-json\/wp\/v2\/media?parent=1578"}],"curies":[{"name":"wp","href":"https:\/\/api.w.org\/{rel}","templated":true}]}}