{"id":1556,"date":"2020-04-28T19:53:11","date_gmt":"2020-04-28T22:53:11","guid":{"rendered":"http:\/\/www.logmans.com.br\/site\/?page_id=1556"},"modified":"2020-09-07T20:33:06","modified_gmt":"2020-09-07T23:33:06","slug":"ouvidoria","status":"publish","type":"page","link":"https:\/\/www.logmans.com.br\/site\/ouvidoria\/","title":{"rendered":"Ouvidoria"},"content":{"rendered":"<p>[vc_row full_width=&#8221;stretch_row_content&#8221; equal_height=&#8221;yes&#8221; css=&#8221;.vc_custom_1588110195404{margin-top: -100px !important;margin-bottom: 0px !important;padding-bottom: 0px !important;background-image: url(http:\/\/www.logmans.com.br\/site\/wp-content\/uploads\/2020\/04\/slice-12.jpg?id=1485) !important;background-position: 0 0 !important;background-repeat: repeat !important;}&#8221; el_class=&#8221;new-qf-bottom-margin&#8221;][vc_column]<div id=\"fullwidth-block-69ea0b3f3ef26\" class=\"fullwidth-block clearfix\"  style=\"padding-top: 80px;\"><script type=\"text\/javascript\">if (typeof(gem_fix_fullwidth_position) == \"function\") { gem_fix_fullwidth_position(document.getElementById(\"fullwidth-block-69ea0b3f3ef26\")); }<\/script><div class=\"fullwidth-block-inner\"><div class=\"container\">[vc_row_inner equal_height=&#8221;yes&#8221; css=&#8221;.vc_custom_1587249169894{padding-right: 100px !important;padding-left: 100px !important;}&#8221; el_id=&#8221;sobre-nos&#8221;][vc_column_inner][vc_column_text]<\/p>\n<h4 style=\"text-align: center;\">Queremos saber a sua opini\u00e3o<\/h4>\n<p>[\/vc_column_text][vc_column_text]<\/p>\n<p style=\"text-align: center;\">A ouvidoria destina-se a receber reclama\u00e7\u00f5es de solicita\u00e7\u00f5es dirigidas \u00e0 Logmans, mas que n\u00e3o foram realizadas ou com a qualidade desejada.<br \/>\nAtrav\u00e9s da ouvidoria tamb\u00e9m \u00e9 poss\u00edvel fazer elogios, sugest\u00f5es e cr\u00edticas ao trabalho realizado pela Logmans.<\/p>\n<p>[\/vc_column_text][vc_column_text]\n<div class=\"bootstrap-iso\">\n  \n  <div id=\"wpsc_tickets_container\" class=\"row\" style=\"background-color:#FFFFFF !important;color:#000000 !important; border-color:#1C5D8A !important;\"><\/div>\n  <div id=\"wpsc_alert_success\" class=\"alert alert-success wpsc_alert\" style=\"display:none;\" role=\"alert\">\n    <i class=\"fa fa-check-circle\"><\/i> <span class=\"wpsc_alert_text\"><\/span>\n  <\/div>\n  \n  <div id=\"wpsc_alert_error\" class=\"alert alert-danger wpsc_alert\" style=\"display:none;\" role=\"alert\">\n    <i class=\"fa fa-exclamation-triangle\"><\/i> <span class=\"wpsc_alert_text\"><\/span>\n  <\/div>\n  \n<\/div>\n\n<!-- Pop-up snippet start -->\n<div id=\"wpsc_popup_background\" style=\"display:none;\"><\/div>\n<div id=\"wpsc_popup_container\" style=\"display:none;\">\n  <div class=\"bootstrap-iso\">\n    <div class=\"row\">\n      <div id=\"wpsc_popup\" class=\"col-xs-10 col-xs-offset-1 col-sm-10 col-sm-offset-1 col-md-8 col-md-offset-2 col-lg-6 col-lg-offset-3\">\n        <div id=\"wpsc_popup_title\" class=\"row\" style=\"background-color:#0473AA !important;color:#FFFFFF !important;\" ><h3>T\u00edtulo Modal<\/h3><\/div>\n        <div id=\"wpsc_popup_body\" class=\"row\">Eu sou o corpo!<\/div>\n        <div id=\"wpsc_popup_footer\" class=\"row\" style=\"background-color:#F6F6F6 !important;\">\n          <button type=\"button\" class=\"btn wpsc_popup_close\">Fechar<\/button>\n          <button type=\"button\" class=\"btn wpsc_popup_action\">Salvar Altera\u00e7\u00f5es<\/button>\n        <\/div>\n      <\/div>\n    <\/div>\n  <\/div>\n<\/div>\n<!-- Pop-up snippet end -->\n\n<script>\n  var wpsc_setting_action = 'init';\n<\/script>\n[\/vc_column_text][\/vc_column_inner][\/vc_row_inner]<\/div><\/div><\/div>[vc_empty_space height=&#8221;60px&#8221;][\/vc_column][\/vc_row][vc_row][vc_column][vc_empty_space height=&#8221;60px&#8221;][\/vc_column][\/vc_row]<\/p>\n","protected":false},"excerpt":{"rendered":"<p>[vc_row full_width=&#8221;stretch_row_content&#8221; equal_height=&#8221;yes&#8221; css=&#8221;.vc_custom_1588110195404{margin-top: -100px !important;margin-bottom: 0px !important;padding-bottom: 0px !important;background-image: url(http:\/\/www.logmans.com.br\/site\/wp-content\/uploads\/2020\/04\/slice-12.jpg?id=1485) !important;background-position: 0 0 !important;background-repeat: repeat !important;}&#8221; el_class=&#8221;new-qf-bottom-margin&#8221;][vc_column][vc_empty_space height=&#8221;60px&#8221;][\/vc_column][\/vc_row][vc_row][vc_column][vc_empty_space height=&#8221;60px&#8221;][\/vc_column][\/vc_row]<\/p>\n","protected":false},"author":1,"featured_media":0,"parent":0,"menu_order":0,"comment_status":"closed","ping_status":"closed","template":"","meta":[],"yoast_head":"<!-- This site is optimized with the Yoast SEO plugin v15.6.2 - https:\/\/yoast.com\/wordpress\/plugins\/seo\/ -->\n<title>Ouvidoria - Logmans<\/title>\n<meta name=\"robots\" content=\"index, follow, max-snippet:-1, max-image-preview:large, max-video-preview:-1\" \/>\n<link rel=\"canonical\" href=\"https:\/\/www.logmans.com.br\/site\/ouvidoria\/\" \/>\n<meta property=\"og:locale\" content=\"pt_BR\" \/>\n<meta property=\"og:type\" content=\"article\" \/>\n<meta property=\"og:title\" content=\"Ouvidoria - Logmans\" \/>\n<meta property=\"og:description\" content=\"[vc_row full_width=&#8221;stretch_row_content&#8221; equal_height=&#8221;yes&#8221; css=&#8221;.vc_custom_1588110195404{margin-top: -100px !important;margin-bottom: 0px !important;padding-bottom: 0px !important;background-image: url(http:\/\/www.logmans.com.br\/site\/wp-content\/uploads\/2020\/04\/slice-12.jpg?id=1485) !important;background-position: 0 0 !important;background-repeat: repeat !important;}&#8221; el_class=&#8221;new-qf-bottom-margin&#8221;][vc_column][vc_empty_space height=&#8221;60px&#8221;][\/vc_column][\/vc_row][vc_row][vc_column][vc_empty_space height=&#8221;60px&#8221;][\/vc_column][\/vc_row]\" \/>\n<meta property=\"og:url\" content=\"https:\/\/www.logmans.com.br\/site\/ouvidoria\/\" \/>\n<meta property=\"og:site_name\" content=\"Logmans\" \/>\n<meta property=\"article:modified_time\" content=\"2020-09-07T23:33:06+00:00\" \/>\n<meta name=\"twitter:card\" content=\"summary_large_image\" \/>\n<meta name=\"twitter:label1\" content=\"Est. reading time\">\n\t<meta name=\"twitter:data1\" content=\"1 minuto\">\n<script type=\"application\/ld+json\" class=\"yoast-schema-graph\">{\"@context\":\"https:\/\/schema.org\",\"@graph\":[{\"@type\":\"WebSite\",\"@id\":\"https:\/\/www.logmans.com.br\/site\/#website\",\"url\":\"https:\/\/www.logmans.com.br\/site\/\",\"name\":\"Logmans\",\"description\":\"\",\"potentialAction\":[{\"@type\":\"SearchAction\",\"target\":\"https:\/\/www.logmans.com.br\/site\/?s={search_term_string}\",\"query-input\":\"required name=search_term_string\"}],\"inLanguage\":\"pt-BR\"},{\"@type\":\"WebPage\",\"@id\":\"https:\/\/www.logmans.com.br\/site\/ouvidoria\/#webpage\",\"url\":\"https:\/\/www.logmans.com.br\/site\/ouvidoria\/\",\"name\":\"Ouvidoria - Logmans\",\"isPartOf\":{\"@id\":\"https:\/\/www.logmans.com.br\/site\/#website\"},\"datePublished\":\"2020-04-28T22:53:11+00:00\",\"dateModified\":\"2020-09-07T23:33:06+00:00\",\"inLanguage\":\"pt-BR\",\"potentialAction\":[{\"@type\":\"ReadAction\",\"target\":[\"https:\/\/www.logmans.com.br\/site\/ouvidoria\/\"]}]}]}<\/script>\n<!-- \/ Yoast SEO plugin. -->","_links":{"self":[{"href":"https:\/\/www.logmans.com.br\/site\/wp-json\/wp\/v2\/pages\/1556"}],"collection":[{"href":"https:\/\/www.logmans.com.br\/site\/wp-json\/wp\/v2\/pages"}],"about":[{"href":"https:\/\/www.logmans.com.br\/site\/wp-json\/wp\/v2\/types\/page"}],"author":[{"embeddable":true,"href":"https:\/\/www.logmans.com.br\/site\/wp-json\/wp\/v2\/users\/1"}],"replies":[{"embeddable":true,"href":"https:\/\/www.logmans.com.br\/site\/wp-json\/wp\/v2\/comments?post=1556"}],"version-history":[{"count":7,"href":"https:\/\/www.logmans.com.br\/site\/wp-json\/wp\/v2\/pages\/1556\/revisions"}],"predecessor-version":[{"id":1606,"href":"https:\/\/www.logmans.com.br\/site\/wp-json\/wp\/v2\/pages\/1556\/revisions\/1606"}],"wp:attachment":[{"href":"https:\/\/www.logmans.com.br\/site\/wp-json\/wp\/v2\/media?parent=1556"}],"curies":[{"name":"wp","href":"https:\/\/api.w.org\/{rel}","templated":true}]}}