{"id":1535,"date":"2020-04-28T19:08:48","date_gmt":"2020-04-28T22:08:48","guid":{"rendered":"http:\/\/www.logmans.com.br\/site\/?page_id=1535"},"modified":"2020-10-26T12:34:18","modified_gmt":"2020-10-26T15:34:18","slug":"canal-de-conduta","status":"publish","type":"page","link":"https:\/\/www.logmans.com.br\/site\/canal-de-conduta\/","title":{"rendered":"Canal de Conduta"},"content":{"rendered":"<p>[vc_row full_width=&#8221;stretch_row_content&#8221; equal_height=&#8221;yes&#8221; css=&#8221;.vc_custom_1588113592844{margin-top: -100px !important;margin-bottom: 0px !important;padding-bottom: 0px !important;background-image: url(http:\/\/www.logmans.com.br\/site\/wp-content\/uploads\/2020\/04\/slice-12.jpg?id=1485) !important;background-position: 0 0 !important;background-repeat: repeat !important;}&#8221; el_class=&#8221;new-qf-bottom-margin&#8221;][vc_column]<div id=\"fullwidth-block-69ea0ae355d98\" class=\"fullwidth-block clearfix\"  style=\"padding-top: 80px;\"><script type=\"text\/javascript\">if (typeof(gem_fix_fullwidth_position) == \"function\") { gem_fix_fullwidth_position(document.getElementById(\"fullwidth-block-69ea0ae355d98\")); }<\/script><div class=\"fullwidth-block-inner\"><div class=\"container\">[vc_row_inner equal_height=&#8221;yes&#8221; css=&#8221;.vc_custom_1587249169894{padding-right: 100px !important;padding-left: 100px !important;}&#8221; el_id=&#8221;sobre-nos&#8221;][vc_column_inner][vc_column_text]<\/p>\n<h4 style=\"text-align: center;\">Canal de Conduta<\/h4>\n<p>[\/vc_column_text][vc_column_text]<\/p>\n<p style=\"text-align: justify;\">O canal de Conduta \u00e9 uma ferramenta de comunica\u00e7\u00e3o segura e confidencial disponibilizada para que funcion\u00e1rios, fornecedores e clientes tenham acesso ao c\u00f3digo de \u00e9tica e conduta da empresa e caso suspeitem ou tenham ci\u00eancia de acontecimentos que s\u00e3o contr\u00e1rios as instru\u00e7\u00f5es determinadas no referido c\u00f3digo possam denunciar.<\/p>\n<p>[\/vc_column_text]<div class=\"gem-button-container gem-button-position-center\"><a class=\"gem-button gem-button-size-small gem-button-style-flat gem-button-text-weight-normal\" style=\"border-radius: 3px;background-color: #111944;color: #ffffff;\" onmouseleave=\"this.style.backgroundColor='#111944';this.style.color='#ffffff';\" onmouseenter=\"this.style.backgroundColor='#111944';this.style.color='#ffffff';\" href=\"http:\/\/www.logmans.com.br\/site\/wp-content\/uploads\/2020\/08\/CODIGO-DE-E\u0301TICA-E-CONDUTA.pdf\" target=\"_blank\">C\u00d3DIGO DE CONDUTA<\/a><\/div> [vc_empty_space][vc_column_text]<\/p>\n<p style=\"text-align: left;\"><span style=\"color: #333333;\">Para d\u00favidas, sugest\u00f5es, solicita\u00e7\u00f5es e reclama\u00e7\u00f5es utilize o canal <strong><a style=\"text-decoration: none; color: #333333;\" href=\"#fale-conosco\">Fale conosco<\/a><\/strong>.<\/span><\/p>\n<p>[\/vc_column_text][vc_column_text]<\/p>\n<p style=\"text-align: left;\"><span style=\"color: #333333;\">No caso de n\u00e3o ter obtido solu\u00e7\u00e3o pelo fale conosco acesse o canal <strong><a style=\"text-decoration: none; color: #333333;\" href=\"#\">Ouvidoria<\/a><\/strong>.<\/span><\/p>\n<p>[\/vc_column_text][vc_column_text]<\/p>\n<p style=\"text-align: left;\"><span style=\"color: #333333;\">Fa\u00e7a sua den\u00fancia por meio do formul\u00e1rio abaixo ou por meio do e-mail <strong>denuncia@logmans.com.br<\/strong>.<\/span><\/p>\n<p>[\/vc_column_text][vc_empty_space][vc_column_text]<\/p>\n<h5 style=\"text-align: left;\">Formul\u00e1rio de den\u00fancia<\/h5>\n<p>[\/vc_column_text]<div role=\"form\" class=\"wpcf7\" id=\"wpcf7-f1546-o1\" lang=\"pt-BR\" dir=\"ltr\">\n<div class=\"screen-reader-response\"><p role=\"status\" aria-live=\"polite\" aria-atomic=\"true\"><\/p> <ul><\/ul><\/div>\n<form action=\"\/site\/wp-json\/wp\/v2\/pages\/1535#wpcf7-f1546-o1\" method=\"post\" class=\"wpcf7-form init cf7-style\" enctype=\"multipart\/form-data\" novalidate=\"novalidate\" data-status=\"init\">\n<div style=\"display: none;\">\n<input type=\"hidden\" name=\"_wpcf7\" value=\"1546\" \/>\n<input type=\"hidden\" name=\"_wpcf7_version\" value=\"5.3.2\" \/>\n<input type=\"hidden\" name=\"_wpcf7_locale\" value=\"pt_BR\" \/>\n<input type=\"hidden\" name=\"_wpcf7_unit_tag\" value=\"wpcf7-f1546-o1\" \/>\n<input type=\"hidden\" name=\"_wpcf7_container_post\" value=\"0\" \/>\n<input type=\"hidden\" name=\"_wpcf7_posted_data_hash\" value=\"\" \/>\n<\/div>\n<div style=\"width:100%; float:left; margin-top:-30px;\">Deseja realizar sua den\u00fancia anonimamente?<span class=\"wpcf7-form-control-wrap radio-312\"><span class=\"wpcf7-form-control wpcf7-radio\"><span class=\"wpcf7-list-item first\"><input type=\"radio\" name=\"radio-312\" value=\"Sim\" checked=\"checked\" \/><span class=\"wpcf7-list-item-label\">Sim<\/span><\/span><span class=\"wpcf7-list-item last\"><input type=\"radio\" name=\"radio-312\" value=\"N\u00e3o\" \/><span class=\"wpcf7-list-item-label\">N\u00e3o<\/span><\/span><\/span><\/span><\/div>\n<div style=\"clear:both;\"><\/div>\n<p><span style=\"margin-top:3px;\"><\/span><\/p>\n<p style=\"text-align: justify;\"><strong>Se sim, ignore os campos abaixo.<\/strong><\/p>\n<div style=\"width:100%; float:left; margin-top:0px;\"><span class=\"wpcf7-form-control-wrap your-name\"><input type=\"text\" name=\"your-name\" value=\"\" size=\"40\" class=\"wpcf7-form-control wpcf7-text\" aria-invalid=\"false\" placeholder=\"Insira seu Nome\" \/><\/span><\/div>\n<div style=\"clear:both;\"><\/div>\n<p><span style=\"margin-top:3px;\"><\/span><\/p>\n<div style=\"width:100%; float:left; margin-top:0px;\"><span class=\"wpcf7-form-control-wrap your-funcao\"><input type=\"text\" name=\"your-funcao\" value=\"\" size=\"40\" class=\"wpcf7-form-control wpcf7-text\" aria-invalid=\"false\" placeholder=\"Insira sua Fun\u00e7\u00e3o\" \/><\/span><\/div>\n<div style=\"clear:both;\"><\/div>\n<p><span style=\"margin-top:3px;\"><\/span><\/p>\n<div style=\"width:100%; float:left; margin-top:0px;\"><span class=\"wpcf7-form-control-wrap your-setor\"><input type=\"text\" name=\"your-setor\" value=\"\" size=\"40\" class=\"wpcf7-form-control wpcf7-text\" aria-invalid=\"false\" placeholder=\"Insira seu Setor\" \/><\/span><\/div>\n<div style=\"clear:both;\"><\/div>\n<p><span style=\"margin-top:3px;\"><\/span><\/p>\n<div style=\"width:100%; float:left; margin-top:0px;\"><span class=\"wpcf7-form-control-wrap your-cidade\"><input type=\"text\" name=\"your-cidade\" value=\"\" size=\"40\" class=\"wpcf7-form-control wpcf7-text\" aria-invalid=\"false\" placeholder=\"Insira sua Cidade\" \/><\/span><\/div>\n<div style=\"clear:both;\"><\/div>\n<p><span style=\"margin-top:3px;\"><\/span><\/p>\n<div style=\"width:100%; float:left; margin-top:0px;\"><span class=\"wpcf7-form-control-wrap your-telefone\"><input type=\"number\" name=\"your-telefone\" value=\"\" class=\"wpcf7-form-control wpcf7-number wpcf7-validates-as-number\" aria-invalid=\"false\" placeholder=\"Insira seu Telefone\" \/><\/span><\/div>\n<div style=\"clear:both;\"><\/div>\n<p><span style=\"margin-top:3px;\"><\/span><\/p>\n<div style=\"width:100%; float:left;\"> <span class=\"wpcf7-form-control-wrap your-email\"><input type=\"text\" name=\"your-email\" value=\"\" size=\"40\" class=\"wpcf7-form-control wpcf7-text\" aria-invalid=\"false\" placeholder=\"Insira seu E-mail\" \/><\/span><\/div>\n<div style=\"clear:both;\"><\/div>\n<p><span style=\"margin-top:3px;\"><\/span><\/p>\n<h6 style=\"text-align: left;\">Fa\u00e7a Sua Den\u00fancia.<\/h6>\n<div style=\"width:100%; float:left;\">Tipo de Den\u00fancia: <span class=\"wpcf7-form-control-wrap checkbox-735\"><span class=\"wpcf7-form-control wpcf7-checkbox\"><span class=\"wpcf7-list-item first\"><input type=\"checkbox\" name=\"checkbox-735[]\" value=\"Ass\u00e9dio Moral\" \/><span class=\"wpcf7-list-item-label\">Ass\u00e9dio Moral<\/span><\/span><span class=\"wpcf7-list-item\"><input type=\"checkbox\" name=\"checkbox-735[]\" value=\"Assedio Sexual\" \/><span class=\"wpcf7-list-item-label\">Assedio Sexual<\/span><\/span><span class=\"wpcf7-list-item\"><input type=\"checkbox\" name=\"checkbox-735[]\" value=\"Agress\u00e3o F\u00edsica\" \/><span class=\"wpcf7-list-item-label\">Agress\u00e3o F\u00edsica<\/span><\/span><span class=\"wpcf7-list-item\"><input type=\"checkbox\" name=\"checkbox-735[]\" value=\"Descumprimento do C\u00f3digo de Conduta\" \/><span class=\"wpcf7-list-item-label\">Descumprimento do C\u00f3digo de Conduta<\/span><\/span><span class=\"wpcf7-list-item\"><input type=\"checkbox\" name=\"checkbox-735[]\" value=\"Favorecimento ou Conflito de Interesses\" \/><span class=\"wpcf7-list-item-label\">Favorecimento ou Conflito de Interesses<\/span><\/span><span class=\"wpcf7-list-item\"><input type=\"checkbox\" name=\"checkbox-735[]\" value=\"Corrup\u00e7\u00e3o\" \/><span class=\"wpcf7-list-item-label\">Corrup\u00e7\u00e3o<\/span><\/span><span class=\"wpcf7-list-item\"><input type=\"checkbox\" name=\"checkbox-735[]\" value=\"Viola\u00e7\u00e3o de Leis\" \/><span class=\"wpcf7-list-item-label\">Viola\u00e7\u00e3o de Leis<\/span><\/span><span class=\"wpcf7-list-item\"><input type=\"checkbox\" name=\"checkbox-735[]\" value=\"Roubo, Furto ou Desvio de Materiais\" \/><span class=\"wpcf7-list-item-label\">Roubo, Furto ou Desvio de Materiais<\/span><\/span><span class=\"wpcf7-list-item\"><input type=\"checkbox\" name=\"checkbox-735[]\" value=\"Fraude\" \/><span class=\"wpcf7-list-item-label\">Fraude<\/span><\/span><span class=\"wpcf7-list-item last\"><input type=\"checkbox\" name=\"checkbox-735[]\" value=\"Outros\" \/><span class=\"wpcf7-list-item-label\">Outros<\/span><\/span><\/span><\/span><\/div>\n<div style=\"clear:both;\"><\/div>\n<p><span style=\"margin-top:3px;\"><\/span><\/p>\n<div style=\"width:100%; float:left;\"><span class=\"wpcf7-form-control-wrap your-local\"><input type=\"text\" name=\"your-local\" value=\"\" size=\"40\" class=\"wpcf7-form-control wpcf7-text wpcf7-validates-as-required\" aria-required=\"true\" aria-invalid=\"false\" placeholder=\"Local onde ocorreu o fato\" \/><\/span><\/div>\n<div style=\"clear:both;\"><\/div>\n<p><span style=\"margin-top:3px;\"><\/span><\/p>\n<div style=\"width:100%; float:left;\"><span class=\"wpcf7-form-control-wrap your-message\"><textarea name=\"your-message\" cols=\"40\" rows=\"10\" class=\"wpcf7-form-control wpcf7-textarea wpcf7-validates-as-required\" aria-required=\"true\" aria-invalid=\"false\" placeholder=\"Descri\u00e7\u00e3o da Den\u00fancia\"><\/textarea><\/span><\/div>\n<div style=\"clear:both;\"><\/div>\n<p><span style=\"margin-top:3px;\"><\/span><\/p>\n<div style=\"width:100%; float:left;\">\n<h6>Caso queira anexar provas como fotos ou documentos para melhor <\/br>investiga\u00e7\u00e3o da den\u00fancia fa\u00e7a por meio do link abaixo (tamanho m\u00e1ximo 2Mb):<\/h6>\n<p> <span class=\"wpcf7-form-control-wrap file-296\"><input type=\"file\" name=\"file-296\" size=\"40\" class=\"wpcf7-form-control wpcf7-file\" accept=\".jpg,.jpeg,.png,.gif,.pdf,.doc,.docx,.ppt,.pptx,.odt,.avi,.ogg,.m4a,.mov,.mp3,.mp4,.mpg,.wav,.wmv\" aria-invalid=\"false\" \/><\/span><\/p><\/div>\n<div style=\"clear:both;\"><\/div>\n<p><span style=\"margin-top:3px;\"><\/span><br \/>\n<input type=\"submit\" value=\"Enviar\" class=\"wpcf7-form-control wpcf7-submit\" \/><\/p>\n<div class=\"wpcf7-response-output\" aria-hidden=\"true\"><\/div><\/form><\/div>[\/vc_column_inner][\/vc_row_inner]<\/div><\/div><\/div>[vc_empty_space height=&#8221;60px&#8221;][\/vc_column][\/vc_row][vc_row][vc_column][vc_empty_space height=&#8221;60px&#8221;][\/vc_column][\/vc_row]<\/p>\n","protected":false},"excerpt":{"rendered":"<p>[vc_row full_width=&#8221;stretch_row_content&#8221; equal_height=&#8221;yes&#8221; css=&#8221;.vc_custom_1588113592844{margin-top: -100px !important;margin-bottom: 0px !important;padding-bottom: 0px !important;background-image: url(http:\/\/www.logmans.com.br\/site\/wp-content\/uploads\/2020\/04\/slice-12.jpg?id=1485) !important;background-position: 0 0 !important;background-repeat: repeat !important;}&#8221; el_class=&#8221;new-qf-bottom-margin&#8221;][vc_column][vc_empty_space height=&#8221;60px&#8221;][\/vc_column][\/vc_row][vc_row][vc_column][vc_empty_space height=&#8221;60px&#8221;][\/vc_column][\/vc_row]<\/p>\n","protected":false},"author":1,"featured_media":0,"parent":0,"menu_order":0,"comment_status":"closed","ping_status":"closed","template":"","meta":[],"yoast_head":"<!-- This site is optimized with the Yoast SEO plugin v15.6.2 - https:\/\/yoast.com\/wordpress\/plugins\/seo\/ -->\n<title>Canal de Conduta: Ferramenta para Comunica\u00e7\u00e3o Segura<\/title>\n<meta name=\"description\" content=\"O Canal de Conduta \u00e9 uma ferramenta de comunica\u00e7\u00e3o segura e confidencial disponibilizada para que funcion\u00e1rios, fornecedores e clientes.\" \/>\n<meta name=\"robots\" content=\"index, follow, max-snippet:-1, max-image-preview:large, max-video-preview:-1\" \/>\n<link rel=\"canonical\" href=\"https:\/\/www.logmans.com.br\/site\/canal-de-conduta\/\" \/>\n<meta property=\"og:locale\" content=\"pt_BR\" \/>\n<meta property=\"og:type\" content=\"article\" \/>\n<meta property=\"og:title\" content=\"Canal de Conduta: Ferramenta para Comunica\u00e7\u00e3o Segura\" \/>\n<meta property=\"og:description\" content=\"O Canal de Conduta \u00e9 uma ferramenta de comunica\u00e7\u00e3o segura e confidencial disponibilizada para que funcion\u00e1rios, fornecedores e clientes.\" \/>\n<meta property=\"og:url\" content=\"https:\/\/www.logmans.com.br\/site\/canal-de-conduta\/\" \/>\n<meta property=\"og:site_name\" content=\"Logmans\" \/>\n<meta property=\"article:modified_time\" content=\"2020-10-26T15:34:18+00:00\" \/>\n<meta name=\"twitter:card\" content=\"summary_large_image\" \/>\n<meta name=\"twitter:label1\" content=\"Est. reading time\">\n\t<meta name=\"twitter:data1\" content=\"2 minutos\">\n<script type=\"application\/ld+json\" class=\"yoast-schema-graph\">{\"@context\":\"https:\/\/schema.org\",\"@graph\":[{\"@type\":\"WebSite\",\"@id\":\"https:\/\/www.logmans.com.br\/site\/#website\",\"url\":\"https:\/\/www.logmans.com.br\/site\/\",\"name\":\"Logmans\",\"description\":\"\",\"potentialAction\":[{\"@type\":\"SearchAction\",\"target\":\"https:\/\/www.logmans.com.br\/site\/?s={search_term_string}\",\"query-input\":\"required name=search_term_string\"}],\"inLanguage\":\"pt-BR\"},{\"@type\":\"WebPage\",\"@id\":\"https:\/\/www.logmans.com.br\/site\/canal-de-conduta\/#webpage\",\"url\":\"https:\/\/www.logmans.com.br\/site\/canal-de-conduta\/\",\"name\":\"Canal de Conduta: Ferramenta para Comunica\\u00e7\\u00e3o Segura\",\"isPartOf\":{\"@id\":\"https:\/\/www.logmans.com.br\/site\/#website\"},\"datePublished\":\"2020-04-28T22:08:48+00:00\",\"dateModified\":\"2020-10-26T15:34:18+00:00\",\"description\":\"O Canal de Conduta \\u00e9 uma ferramenta de comunica\\u00e7\\u00e3o segura e confidencial disponibilizada para que funcion\\u00e1rios, fornecedores e clientes.\",\"inLanguage\":\"pt-BR\",\"potentialAction\":[{\"@type\":\"ReadAction\",\"target\":[\"https:\/\/www.logmans.com.br\/site\/canal-de-conduta\/\"]}]}]}<\/script>\n<!-- \/ Yoast SEO plugin. -->","_links":{"self":[{"href":"https:\/\/www.logmans.com.br\/site\/wp-json\/wp\/v2\/pages\/1535"}],"collection":[{"href":"https:\/\/www.logmans.com.br\/site\/wp-json\/wp\/v2\/pages"}],"about":[{"href":"https:\/\/www.logmans.com.br\/site\/wp-json\/wp\/v2\/types\/page"}],"author":[{"embeddable":true,"href":"https:\/\/www.logmans.com.br\/site\/wp-json\/wp\/v2\/users\/1"}],"replies":[{"embeddable":true,"href":"https:\/\/www.logmans.com.br\/site\/wp-json\/wp\/v2\/comments?post=1535"}],"version-history":[{"count":18,"href":"https:\/\/www.logmans.com.br\/site\/wp-json\/wp\/v2\/pages\/1535\/revisions"}],"predecessor-version":[{"id":1656,"href":"https:\/\/www.logmans.com.br\/site\/wp-json\/wp\/v2\/pages\/1535\/revisions\/1656"}],"wp:attachment":[{"href":"https:\/\/www.logmans.com.br\/site\/wp-json\/wp\/v2\/media?parent=1535"}],"curies":[{"name":"wp","href":"https:\/\/api.w.org\/{rel}","templated":true}]}}